{"id":995,"date":"2021-01-07T12:47:25","date_gmt":"2021-01-07T11:47:25","guid":{"rendered":"http:\/\/casadelstrossos.com\/?post_type=product&#038;p=995"},"modified":"2021-01-07T12:47:26","modified_gmt":"2021-01-07T11:47:26","slug":"popelin-tauler-descacs-0382","status":"publish","type":"product","link":"https:\/\/casadelstrossos.com\/es\/producte\/popelin-tauler-descacs-0382\/","title":{"rendered":"Popel\u00edn tablero ajedrez -0382-"},"content":{"rendered":"<ul>\n<li style=\"font-weight: 400;\" aria-level=\"1\"><span style=\"font-weight: 400;\">Composici\u00f3n: Algod\u00f3n 100%<\/span><\/li>\n<li style=\"font-weight: 400;\" aria-level=\"1\"><span style=\"font-weight: 400;\">Ancho: 1.5 m<\/span><\/li>\n<li style=\"font-weight: 400;\" aria-level=\"1\"><span style=\"font-weight: 400;\">Fondo: negro<\/span><\/li>\n<li style=\"font-weight: 400;\" aria-level=\"1\"><span style=\"font-weight: 400;\">Estampado: cuadros con cuadr\u00edcula \/ Color: blanco<\/span><\/li>\n<li style=\"font-weight: 400;\" aria-level=\"1\"><span style=\"font-weight: 400;\">Tama\u00f1o del estampado: 3 cm.<\/span><\/li>\n<li style=\"font-weight: 400;\" aria-level=\"1\"><span style=\"font-weight: 400;\">Tejido plano tipo patchwork.<\/span><\/li>\n<\/ul>\n<p><b>El precio indicado es por metro.<\/b>","protected":false},"excerpt":{"rendered":"<p>Composici\u00f3n: Algod\u00f3n 100% Ancho: 1.5 m Fondo: negro Estampado: cuadros con cuadr\u00edcula \/ Color: blanco Tama\u00f1o del estampado: 3 cm. Tejido plano tipo patchwork. El precio indicado es por metro.<\/p>\n","protected":false},"featured_media":996,"template":"","meta":{"_joinchat":[]},"product_brand":[],"product_cat":[69,19,130],"product_tag":[],"class_list":{"0":"post-995","1":"product","2":"type-product","3":"status-publish","4":"has-post-thumbnail","6":"product_cat-geometric","7":"product_cat-popelin-coto-patchwork","8":"product_cat-quadres-i-ratlles","10":"first","11":"instock","12":"shipping-taxable","13":"purchasable","14":"product-type-simple"},"_links":{"self":[{"href":"https:\/\/casadelstrossos.com\/es\/wp-json\/wp\/v2\/product\/995"}],"collection":[{"href":"https:\/\/casadelstrossos.com\/es\/wp-json\/wp\/v2\/product"}],"about":[{"href":"https:\/\/casadelstrossos.com\/es\/wp-json\/wp\/v2\/types\/product"}],"wp:featuredmedia":[{"embeddable":true,"href":"https:\/\/casadelstrossos.com\/es\/wp-json\/wp\/v2\/media\/996"}],"wp:attachment":[{"href":"https:\/\/casadelstrossos.com\/es\/wp-json\/wp\/v2\/media?parent=995"}],"wp:term":[{"taxonomy":"product_brand","embeddable":true,"href":"https:\/\/casadelstrossos.com\/es\/wp-json\/wp\/v2\/product_brand?post=995"},{"taxonomy":"product_cat","embeddable":true,"href":"https:\/\/casadelstrossos.com\/es\/wp-json\/wp\/v2\/product_cat?post=995"},{"taxonomy":"product_tag","embeddable":true,"href":"https:\/\/casadelstrossos.com\/es\/wp-json\/wp\/v2\/product_tag?post=995"}],"curies":[{"name":"wp","href":"https:\/\/api.w.org\/{rel}","templated":true}]}}