{"id":931,"date":"2021-01-06T10:26:56","date_gmt":"2021-01-06T09:26:56","guid":{"rendered":"http:\/\/casadelstrossos.com\/?post_type=product&#038;p=931"},"modified":"2021-01-06T10:26:57","modified_gmt":"2021-01-06T09:26:57","slug":"popelin-mascara-batman-0360","status":"publish","type":"product","link":"https:\/\/casadelstrossos.com\/es\/producte\/popelin-mascara-batman-0360\/","title":{"rendered":"Popel\u00edn m\u00e1scara Batman -0360-"},"content":{"rendered":"<ul>\n<li style=\"font-weight: 400;\" aria-level=\"1\"><span style=\"font-weight: 400;\">Composici\u00f3n: Algod\u00f3n 100%<\/span><\/li>\n<li style=\"font-weight: 400;\" aria-level=\"1\"><span style=\"font-weight: 400;\">Ancho: 1.45 m<\/span><\/li>\n<li style=\"font-weight: 400;\" aria-level=\"1\"><span style=\"font-weight: 400;\">Fondo: azul<\/span><\/li>\n<li style=\"font-weight: 400;\" aria-level=\"1\"><span style=\"font-weight: 400;\">Estampado: m\u00e1scara, nubes y rayos \/ Color: negro<\/span><\/li>\n<li style=\"font-weight: 400;\" aria-level=\"1\"><span style=\"font-weight: 400;\">Tama\u00f1o del estampado: 2 cm.<\/span><\/li>\n<li style=\"font-weight: 400;\" aria-level=\"1\"><span style=\"font-weight: 400;\">Tejido plano tipo patchwork.<\/span><\/li>\n<\/ul>\n<p><b>El precio indicado es por metro.<\/b>","protected":false},"excerpt":{"rendered":"<p>Composici\u00f3n: Algod\u00f3n 100% Ancho: 1.45 m Fondo: azul Estampado: m\u00e1scara, nubes y rayos \/ Color: negro Tama\u00f1o del estampado: 2 cm. Tejido plano tipo patchwork. El precio indicado es por metro.<\/p>\n","protected":false},"featured_media":932,"template":"","meta":{"_joinchat":[]},"product_brand":[],"product_cat":[19,61],"product_tag":[208,209],"class_list":{"0":"post-931","1":"product","2":"type-product","3":"status-publish","4":"has-post-thumbnail","6":"product_cat-popelin-coto-patchwork","7":"product_cat-tematic","8":"product_tag-superheroe","9":"product_tag-superheroi","11":"first","12":"instock","13":"shipping-taxable","14":"purchasable","15":"product-type-simple"},"_links":{"self":[{"href":"https:\/\/casadelstrossos.com\/es\/wp-json\/wp\/v2\/product\/931"}],"collection":[{"href":"https:\/\/casadelstrossos.com\/es\/wp-json\/wp\/v2\/product"}],"about":[{"href":"https:\/\/casadelstrossos.com\/es\/wp-json\/wp\/v2\/types\/product"}],"wp:featuredmedia":[{"embeddable":true,"href":"https:\/\/casadelstrossos.com\/es\/wp-json\/wp\/v2\/media\/932"}],"wp:attachment":[{"href":"https:\/\/casadelstrossos.com\/es\/wp-json\/wp\/v2\/media?parent=931"}],"wp:term":[{"taxonomy":"product_brand","embeddable":true,"href":"https:\/\/casadelstrossos.com\/es\/wp-json\/wp\/v2\/product_brand?post=931"},{"taxonomy":"product_cat","embeddable":true,"href":"https:\/\/casadelstrossos.com\/es\/wp-json\/wp\/v2\/product_cat?post=931"},{"taxonomy":"product_tag","embeddable":true,"href":"https:\/\/casadelstrossos.com\/es\/wp-json\/wp\/v2\/product_tag?post=931"}],"curies":[{"name":"wp","href":"https:\/\/api.w.org\/{rel}","templated":true}]}}