{"id":868,"date":"2020-12-30T18:07:00","date_gmt":"2020-12-30T17:07:00","guid":{"rendered":"http:\/\/casadelstrossos.com\/?post_type=product&#038;p=868"},"modified":"2020-12-30T18:07:00","modified_gmt":"2020-12-30T17:07:00","slug":"popelin-marbrejat-vermell-rodonetes-0326","status":"publish","type":"product","link":"https:\/\/casadelstrossos.com\/es\/producte\/popelin-marbrejat-vermell-rodonetes-0326\/","title":{"rendered":"Popel\u00edn marmoleado rojo redonditas -0326-"},"content":{"rendered":"<ul>\n<li style=\"font-weight: 400;\"><span style=\"font-weight: 400;\">Composici\u00f3n: Algod\u00f3n 100%<\/span><\/li>\n<li style=\"font-weight: 400;\"><span style=\"font-weight: 400;\">Ancho: 1.5 m<\/span><\/li>\n<li style=\"font-weight: 400;\"><span style=\"font-weight: 400;\">Fondo: marmoleado rojo<\/span><\/li>\n<li style=\"font-weight: 400;\"><span style=\"font-weight: 400;\">Estampado: topos puestos en c\u00edrculo \/ Color: rojo<\/span><\/li>\n<li style=\"font-weight: 400;\"><span style=\"font-weight: 400;\">Tama\u00f1o del estampado: 1 cm.<\/span><\/li>\n<li style=\"font-weight: 400;\"><span style=\"font-weight: 400;\">Tejido plano tipo patchwork.<\/span><\/li>\n<\/ul>\n<p><b>El precio indicado es por metro.<\/b>","protected":false},"excerpt":{"rendered":"<p>Composici\u00f3n: Algod\u00f3n 100% Ancho: 1.5 m Fondo: marmoleado rojo Estampado: topos puestos en c\u00edrculo \/ Color: rojo Tama\u00f1o del estampado: 1 cm. Tejido plano tipo patchwork. El precio indicado es por metro.<\/p>\n","protected":false},"featured_media":869,"template":"","meta":{"_joinchat":[]},"product_brand":[],"product_cat":[165,19],"product_tag":[],"class_list":{"0":"post-868","1":"product","2":"type-product","3":"status-publish","4":"has-post-thumbnail","6":"product_cat-marbrejat","7":"product_cat-popelin-coto-patchwork","9":"first","10":"instock","11":"shipping-taxable","12":"purchasable","13":"product-type-simple"},"_links":{"self":[{"href":"https:\/\/casadelstrossos.com\/es\/wp-json\/wp\/v2\/product\/868"}],"collection":[{"href":"https:\/\/casadelstrossos.com\/es\/wp-json\/wp\/v2\/product"}],"about":[{"href":"https:\/\/casadelstrossos.com\/es\/wp-json\/wp\/v2\/types\/product"}],"wp:featuredmedia":[{"embeddable":true,"href":"https:\/\/casadelstrossos.com\/es\/wp-json\/wp\/v2\/media\/869"}],"wp:attachment":[{"href":"https:\/\/casadelstrossos.com\/es\/wp-json\/wp\/v2\/media?parent=868"}],"wp:term":[{"taxonomy":"product_brand","embeddable":true,"href":"https:\/\/casadelstrossos.com\/es\/wp-json\/wp\/v2\/product_brand?post=868"},{"taxonomy":"product_cat","embeddable":true,"href":"https:\/\/casadelstrossos.com\/es\/wp-json\/wp\/v2\/product_cat?post=868"},{"taxonomy":"product_tag","embeddable":true,"href":"https:\/\/casadelstrossos.com\/es\/wp-json\/wp\/v2\/product_tag?post=868"}],"curies":[{"name":"wp","href":"https:\/\/api.w.org\/{rel}","templated":true}]}}