{"id":745,"date":"2020-12-15T10:48:21","date_gmt":"2020-12-15T09:48:21","guid":{"rendered":"http:\/\/casadelstrossos.com\/?post_type=product&#038;p=745"},"modified":"2020-12-15T10:48:21","modified_gmt":"2020-12-15T09:48:21","slug":"popelin-mini-caixmir-rosa-0251","status":"publish","type":"product","link":"https:\/\/casadelstrossos.com\/es\/producte\/popelin-mini-caixmir-rosa-0251\/","title":{"rendered":"Popel\u00edn mini cachemir rosa -0251-"},"content":{"rendered":"<ul>\n<li style=\"font-weight: 400;\"><span style=\"font-weight: 400;\">Composici\u00f3n: Algod\u00f3n 100%<\/span><\/li>\n<li style=\"font-weight: 400;\"><span style=\"font-weight: 400;\">Ancho: 1.45 m<\/span><\/li>\n<li style=\"font-weight: 400;\"><span style=\"font-weight: 400;\">Fondo: rosa claro<\/span><\/li>\n<li style=\"font-weight: 400;\"><span style=\"font-weight: 400;\">Estampado: cachemir peque\u00f1o en cuadr\u00edcula\/ Color: rosa<\/span><\/li>\n<li style=\"font-weight: 400;\"><span style=\"font-weight: 400;\">Tama\u00f1o del estampado: 0,5 cm.<\/span><\/li>\n<li style=\"font-weight: 400;\"><span style=\"font-weight: 400;\">Tejido plano tipo patchwork.<\/span><\/li>\n<\/ul>\n<p><b>El precio indicado es por metro.<\/b>","protected":false},"excerpt":{"rendered":"<p>Composici\u00f3n: Algod\u00f3n 100% Ancho: 1.45 m Fondo: rosa claro Estampado: cachemir peque\u00f1o en cuadr\u00edcula\/ Color: rosa Tama\u00f1o del estampado: 0,5 cm. Tejido plano tipo patchwork. El precio indicado es por metro.<\/p>\n","protected":false},"featured_media":746,"template":"","meta":{"_joinchat":[]},"product_brand":[],"product_cat":[179,19],"product_tag":[],"class_list":{"0":"post-745","1":"product","2":"type-product","3":"status-publish","4":"has-post-thumbnail","6":"product_cat-caixmir-o-dibuix","7":"product_cat-popelin-coto-patchwork","9":"first","10":"instock","11":"shipping-taxable","12":"purchasable","13":"product-type-simple"},"_links":{"self":[{"href":"https:\/\/casadelstrossos.com\/es\/wp-json\/wp\/v2\/product\/745"}],"collection":[{"href":"https:\/\/casadelstrossos.com\/es\/wp-json\/wp\/v2\/product"}],"about":[{"href":"https:\/\/casadelstrossos.com\/es\/wp-json\/wp\/v2\/types\/product"}],"wp:featuredmedia":[{"embeddable":true,"href":"https:\/\/casadelstrossos.com\/es\/wp-json\/wp\/v2\/media\/746"}],"wp:attachment":[{"href":"https:\/\/casadelstrossos.com\/es\/wp-json\/wp\/v2\/media?parent=745"}],"wp:term":[{"taxonomy":"product_brand","embeddable":true,"href":"https:\/\/casadelstrossos.com\/es\/wp-json\/wp\/v2\/product_brand?post=745"},{"taxonomy":"product_cat","embeddable":true,"href":"https:\/\/casadelstrossos.com\/es\/wp-json\/wp\/v2\/product_cat?post=745"},{"taxonomy":"product_tag","embeddable":true,"href":"https:\/\/casadelstrossos.com\/es\/wp-json\/wp\/v2\/product_tag?post=745"}],"curies":[{"name":"wp","href":"https:\/\/api.w.org\/{rel}","templated":true}]}}