{"id":671,"date":"2020-12-09T15:32:10","date_gmt":"2020-12-09T14:32:10","guid":{"rendered":"http:\/\/casadelstrossos.com\/?post_type=product&#038;p=671"},"modified":"2024-05-17T19:28:29","modified_gmt":"2024-05-17T17:28:29","slug":"popelin-rosa-amb-cors-0084","status":"publish","type":"product","link":"https:\/\/casadelstrossos.com\/es\/producte\/popelin-rosa-amb-cors-0084\/","title":{"rendered":"Popel\u00edn rosa con corazones -0084-"},"content":{"rendered":"<ul>\n<li style=\"font-weight: 400;\"><span style=\"font-weight: 400;\">Composici\u00f3n: Algod\u00f3n 100%<\/span><\/li>\n<li style=\"font-weight: 400;\"><span style=\"font-weight: 400;\">Ancho: 1.55 m<\/span><\/li>\n<li style=\"font-weight: 400;\"><span style=\"font-weight: 400;\">Fondo: rosa salm\u00f3n<\/span><\/li>\n<li style=\"font-weight: 400;\"><span style=\"font-weight: 400;\">Estampado: corazones \/ Color: blanco<\/span><\/li>\n<li style=\"font-weight: 400;\"><span style=\"font-weight: 400;\">Tama\u00f1o del estampado: 0,4 cm.<\/span><\/li>\n<li style=\"font-weight: 400;\"><span style=\"font-weight: 400;\">Tejido plano tipo patchwork.<\/span><\/li>\n<li>CONJUNTO: <a href=\"http:\/\/casadelstrossos.com\/producte\/popelin-cors-roses-0371\/\">blanco con corazon rosa 0371<\/a> y\u00a0<a href=\"http:\/\/casadelstrossos.com\/producte\/popelin-vichy-rosa-0625\/\">cuadro vichy 0625<\/a><\/li>\n<\/ul>\n<p><b>El precio indicado es por metro.<\/b>","protected":false},"excerpt":{"rendered":"<p>Composici\u00f3n: Algod\u00f3n 100% Ancho: 1.55 m Fondo: rosa salm\u00f3n Estampado: corazones \/ Color: blanco Tama\u00f1o del estampado: 0,4 cm. Tejido plano tipo patchwork. CONJUNTO: blanco con corazon rosa 0371 y\u00a0cuadro vichy 0625 El precio indicado es por metro.<\/p>\n","protected":false},"featured_media":672,"template":"","meta":{"_joinchat":[]},"product_brand":[],"product_cat":[19,83],"product_tag":[],"class_list":{"0":"post-671","1":"product","2":"type-product","3":"status-publish","4":"has-post-thumbnail","6":"product_cat-popelin-coto-patchwork","7":"product_cat-topets-o-cors-o-estrelles","9":"first","10":"instock","11":"shipping-taxable","12":"purchasable","13":"product-type-simple"},"_links":{"self":[{"href":"https:\/\/casadelstrossos.com\/es\/wp-json\/wp\/v2\/product\/671"}],"collection":[{"href":"https:\/\/casadelstrossos.com\/es\/wp-json\/wp\/v2\/product"}],"about":[{"href":"https:\/\/casadelstrossos.com\/es\/wp-json\/wp\/v2\/types\/product"}],"wp:featuredmedia":[{"embeddable":true,"href":"https:\/\/casadelstrossos.com\/es\/wp-json\/wp\/v2\/media\/672"}],"wp:attachment":[{"href":"https:\/\/casadelstrossos.com\/es\/wp-json\/wp\/v2\/media?parent=671"}],"wp:term":[{"taxonomy":"product_brand","embeddable":true,"href":"https:\/\/casadelstrossos.com\/es\/wp-json\/wp\/v2\/product_brand?post=671"},{"taxonomy":"product_cat","embeddable":true,"href":"https:\/\/casadelstrossos.com\/es\/wp-json\/wp\/v2\/product_cat?post=671"},{"taxonomy":"product_tag","embeddable":true,"href":"https:\/\/casadelstrossos.com\/es\/wp-json\/wp\/v2\/product_tag?post=671"}],"curies":[{"name":"wp","href":"https:\/\/api.w.org\/{rel}","templated":true}]}}