{"id":472,"date":"2020-11-24T10:28:02","date_gmt":"2020-11-24T09:28:02","guid":{"rendered":"http:\/\/casadelstrossos.com\/?post_type=product&#038;p=472"},"modified":"2024-03-12T17:31:47","modified_gmt":"2024-03-12T16:31:47","slug":"popelin-pinyes-0143","status":"publish","type":"product","link":"https:\/\/casadelstrossos.com\/es\/producte\/popelin-pinyes-0143\/","title":{"rendered":"Popel\u00edn pi\u00f1as -0143-"},"content":{"rendered":"<ul>\n<li style=\"font-weight: 400;\"><span style=\"font-weight: 400;\">Composici\u00f3n: Algod\u00f3n 100%<\/span><\/li>\n<li style=\"font-weight: 400;\"><span style=\"font-weight: 400;\">Ancho: 1.5 m<\/span><\/li>\n<li style=\"font-weight: 400;\"><span style=\"font-weight: 400;\">Fondo: verde esmeralda.<\/span><\/li>\n<li style=\"font-weight: 400;\"><span style=\"font-weight: 400;\">Estampado: pi\u00f1as \/ Color: amarillo, naranja, verde.<\/span><\/li>\n<li style=\"font-weight: 400;\"><span style=\"font-weight: 400;\">Tama\u00f1o del estampado: 8 cm.<\/span><\/li>\n<li style=\"font-weight: 400;\"><span style=\"font-weight: 400;\">Tejido plano tipo patchwork.<\/span><\/li>\n<\/ul>\n<p><b>El precio indicado es por metro.<\/b>","protected":false},"excerpt":{"rendered":"<p>Composici\u00f3n: Algod\u00f3n 100% Ancho: 1.5 m Fondo: verde esmeralda. Estampado: pi\u00f1as \/ Color: amarillo, naranja, verde. Tama\u00f1o del estampado: 8 cm. Tejido plano tipo patchwork. El precio indicado es por metro.<\/p>\n","protected":false},"featured_media":473,"template":"","meta":{"_joinchat":[]},"product_brand":[],"product_cat":[170,19,61],"product_tag":[141,142,140],"class_list":{"0":"post-472","1":"product","2":"type-product","3":"status-publish","4":"has-post-thumbnail","6":"product_cat-cuina","7":"product_cat-popelin-coto-patchwork","8":"product_cat-tematic","9":"product_tag-fruita","10":"product_tag-fruta","11":"product_tag-tropical","13":"first","14":"instock","15":"shipping-taxable","16":"purchasable","17":"product-type-simple"},"_links":{"self":[{"href":"https:\/\/casadelstrossos.com\/es\/wp-json\/wp\/v2\/product\/472"}],"collection":[{"href":"https:\/\/casadelstrossos.com\/es\/wp-json\/wp\/v2\/product"}],"about":[{"href":"https:\/\/casadelstrossos.com\/es\/wp-json\/wp\/v2\/types\/product"}],"wp:featuredmedia":[{"embeddable":true,"href":"https:\/\/casadelstrossos.com\/es\/wp-json\/wp\/v2\/media\/473"}],"wp:attachment":[{"href":"https:\/\/casadelstrossos.com\/es\/wp-json\/wp\/v2\/media?parent=472"}],"wp:term":[{"taxonomy":"product_brand","embeddable":true,"href":"https:\/\/casadelstrossos.com\/es\/wp-json\/wp\/v2\/product_brand?post=472"},{"taxonomy":"product_cat","embeddable":true,"href":"https:\/\/casadelstrossos.com\/es\/wp-json\/wp\/v2\/product_cat?post=472"},{"taxonomy":"product_tag","embeddable":true,"href":"https:\/\/casadelstrossos.com\/es\/wp-json\/wp\/v2\/product_tag?post=472"}],"curies":[{"name":"wp","href":"https:\/\/api.w.org\/{rel}","templated":true}]}}