{"id":2659,"date":"2026-04-09T12:04:11","date_gmt":"2026-04-09T10:04:11","guid":{"rendered":"https:\/\/casadelstrossos.com\/?post_type=product&#038;p=2659"},"modified":"2026-04-09T12:04:11","modified_gmt":"2026-04-09T10:04:11","slug":"flor-geometrica-0745","status":"publish","type":"product","link":"https:\/\/casadelstrossos.com\/es\/producte\/flor-geometrica-0745\/","title":{"rendered":"Flor geom\u00e9trica -0745-"},"content":{"rendered":"<b>El precio indicado es por metro.<\/b><\/p>\n<ul>\n<li>Composici\u00f3n: Algod\u00f3n 100%<\/li>\n<li>Ancho: 1.5 m<\/li>\n<li>Fondo: granate<\/li>\n<li>Estampado: flor geom\u00e9trica \/ Color: crudo<\/li>\n<li>Tama\u00f1o del estampado: 0,9 cm.<\/li>\n<li>Tejido plano tipo patchwork.<\/li>\n<\/ul>","protected":false},"excerpt":{"rendered":"<p>El precio indicado es por metro. Composici\u00f3n: Algod\u00f3n 100% Ancho: 1.5 m Fondo: granate Estampado: flor geom\u00e9trica \/ Color: crudo Tama\u00f1o del estampado: 0,9 cm. Tejido plano tipo patchwork.<\/p>\n","protected":false},"featured_media":2660,"template":"","meta":{"_joinchat":[]},"product_brand":[],"product_cat":[72,69,19],"product_tag":[117,252,328,256],"class_list":{"0":"post-2659","1":"product","2":"type-product","3":"status-publish","4":"has-post-thumbnail","6":"product_cat-flors-i-fulles","7":"product_cat-geometric","8":"product_cat-popelin-coto-patchwork","9":"product_tag-flor","10":"product_tag-geometrico","11":"product_tag-puntas","12":"product_tag-rustic","14":"first","15":"instock","16":"shipping-taxable","17":"purchasable","18":"product-type-simple"},"_links":{"self":[{"href":"https:\/\/casadelstrossos.com\/es\/wp-json\/wp\/v2\/product\/2659"}],"collection":[{"href":"https:\/\/casadelstrossos.com\/es\/wp-json\/wp\/v2\/product"}],"about":[{"href":"https:\/\/casadelstrossos.com\/es\/wp-json\/wp\/v2\/types\/product"}],"wp:featuredmedia":[{"embeddable":true,"href":"https:\/\/casadelstrossos.com\/es\/wp-json\/wp\/v2\/media\/2660"}],"wp:attachment":[{"href":"https:\/\/casadelstrossos.com\/es\/wp-json\/wp\/v2\/media?parent=2659"}],"wp:term":[{"taxonomy":"product_brand","embeddable":true,"href":"https:\/\/casadelstrossos.com\/es\/wp-json\/wp\/v2\/product_brand?post=2659"},{"taxonomy":"product_cat","embeddable":true,"href":"https:\/\/casadelstrossos.com\/es\/wp-json\/wp\/v2\/product_cat?post=2659"},{"taxonomy":"product_tag","embeddable":true,"href":"https:\/\/casadelstrossos.com\/es\/wp-json\/wp\/v2\/product_tag?post=2659"}],"curies":[{"name":"wp","href":"https:\/\/api.w.org\/{rel}","templated":true}]}}