{"id":2657,"date":"2026-04-09T11:55:13","date_gmt":"2026-04-09T09:55:13","guid":{"rendered":"https:\/\/casadelstrossos.com\/?post_type=product&#038;p=2657"},"modified":"2026-04-09T11:55:50","modified_gmt":"2026-04-09T09:55:50","slug":"popelin-rustic-geometric-circular","status":"publish","type":"product","link":"https:\/\/casadelstrossos.com\/es\/producte\/popelin-rustic-geometric-circular\/","title":{"rendered":"Popel\u00edn r\u00fastico geom\u00e9trico circular"},"content":{"rendered":"<b>El precio indicado es por metro.<\/b><\/p>\n<ul>\n<li>Composici\u00f3n: Algod\u00f3n 100%<\/li>\n<li>Ancho: 1.5 m<\/li>\n<li>Fondo: crudo<\/li>\n<li>Estampado: c\u00edrculos sim\u00e9tricos \/ Color: granate<\/li>\n<li>Tama\u00f1o del estampado: 1 cm. ( medida c\u00edrculo )<\/li>\n<li>Tejido plano tipo patchwork.<\/li>\n<\/ul>","protected":false},"excerpt":{"rendered":"<p>El precio indicado es por metro. Composici\u00f3n: Algod\u00f3n 100% Ancho: 1.5 m Fondo: crudo Estampado: c\u00edrculos sim\u00e9tricos \/ Color: granate Tama\u00f1o del estampado: 1 cm. ( medida c\u00edrculo ) Tejido plano tipo patchwork.<\/p>\n","protected":false},"featured_media":2658,"template":"","meta":{"_joinchat":[]},"product_brand":[],"product_cat":[72,69,19],"product_tag":[327,253,252,326,133,256,255,132],"class_list":{"0":"post-2657","1":"product","2":"type-product","3":"status-publish","4":"has-post-thumbnail","6":"product_cat-flors-i-fulles","7":"product_cat-geometric","8":"product_cat-popelin-coto-patchwork","9":"product_tag-circular","10":"product_tag-geometric","11":"product_tag-geometrico","12":"product_tag-granate","13":"product_tag-rojo","14":"product_tag-rustic","15":"product_tag-rustico","16":"product_tag-vermell","18":"first","19":"instock","20":"shipping-taxable","21":"purchasable","22":"product-type-simple"},"_links":{"self":[{"href":"https:\/\/casadelstrossos.com\/es\/wp-json\/wp\/v2\/product\/2657"}],"collection":[{"href":"https:\/\/casadelstrossos.com\/es\/wp-json\/wp\/v2\/product"}],"about":[{"href":"https:\/\/casadelstrossos.com\/es\/wp-json\/wp\/v2\/types\/product"}],"wp:featuredmedia":[{"embeddable":true,"href":"https:\/\/casadelstrossos.com\/es\/wp-json\/wp\/v2\/media\/2658"}],"wp:attachment":[{"href":"https:\/\/casadelstrossos.com\/es\/wp-json\/wp\/v2\/media?parent=2657"}],"wp:term":[{"taxonomy":"product_brand","embeddable":true,"href":"https:\/\/casadelstrossos.com\/es\/wp-json\/wp\/v2\/product_brand?post=2657"},{"taxonomy":"product_cat","embeddable":true,"href":"https:\/\/casadelstrossos.com\/es\/wp-json\/wp\/v2\/product_cat?post=2657"},{"taxonomy":"product_tag","embeddable":true,"href":"https:\/\/casadelstrossos.com\/es\/wp-json\/wp\/v2\/product_tag?post=2657"}],"curies":[{"name":"wp","href":"https:\/\/api.w.org\/{rel}","templated":true}]}}