{"id":2655,"date":"2026-04-09T10:18:50","date_gmt":"2026-04-09T08:18:50","guid":{"rendered":"https:\/\/casadelstrossos.com\/?post_type=product&#038;p=2655"},"modified":"2026-04-09T10:18:50","modified_gmt":"2026-04-09T08:18:50","slug":"roses-color-lila-petites","status":"publish","type":"product","link":"https:\/\/casadelstrossos.com\/es\/producte\/roses-color-lila-petites\/","title":{"rendered":"Rosas color violeta peque\u00f1as."},"content":{"rendered":"<div class=\"w-post-elm post_content\">\n<p><b>El precio indicado es por metro.<\/b><\/p>\n<ul>\n<li aria-level=\"1\">Composici\u00f3n: Algod\u00f3n 100%<\/li>\n<li aria-level=\"1\">Ancho: 1.45 m<\/li>\n<li aria-level=\"1\">Fondo: crudo<\/li>\n<li aria-level=\"1\">Estampado: Rosas peque\u00f1as\/ Color: violeta, verde claro, verde oscuro.<\/li>\n<li aria-level=\"1\">Tama\u00f1o del estampado: 0,5cm la flor m\u00e1s grande.<\/li>\n<li aria-level=\"1\">Tejido plano tipo patchwork.<\/li>\n<\/ul>\n<\/div>","protected":false},"excerpt":{"rendered":"<p>El precio indicado es por metro. Composici\u00f3n: Algod\u00f3n 100% Ancho: 1.45 m Fondo: crudo Estampado: Rosas peque\u00f1as\/ Color: violeta, verde claro, verde oscuro. Tama\u00f1o del estampado: 0,5cm la flor m\u00e1s grande. Tejido plano tipo patchwork.<\/p>\n","protected":false},"featured_media":2656,"template":"","meta":{"_joinchat":[]},"product_brand":[],"product_cat":[72,19],"product_tag":[117,257,197,260,68],"class_list":{"0":"post-2655","1":"product","2":"type-product","3":"status-publish","4":"has-post-thumbnail","6":"product_cat-flors-i-fulles","7":"product_cat-popelin-coto-patchwork","8":"product_tag-flor","9":"product_tag-floreta","10":"product_tag-lila","11":"product_tag-primavera","12":"product_tag-rosa","14":"first","15":"instock","16":"shipping-taxable","17":"purchasable","18":"product-type-simple"},"_links":{"self":[{"href":"https:\/\/casadelstrossos.com\/es\/wp-json\/wp\/v2\/product\/2655"}],"collection":[{"href":"https:\/\/casadelstrossos.com\/es\/wp-json\/wp\/v2\/product"}],"about":[{"href":"https:\/\/casadelstrossos.com\/es\/wp-json\/wp\/v2\/types\/product"}],"wp:featuredmedia":[{"embeddable":true,"href":"https:\/\/casadelstrossos.com\/es\/wp-json\/wp\/v2\/media\/2656"}],"wp:attachment":[{"href":"https:\/\/casadelstrossos.com\/es\/wp-json\/wp\/v2\/media?parent=2655"}],"wp:term":[{"taxonomy":"product_brand","embeddable":true,"href":"https:\/\/casadelstrossos.com\/es\/wp-json\/wp\/v2\/product_brand?post=2655"},{"taxonomy":"product_cat","embeddable":true,"href":"https:\/\/casadelstrossos.com\/es\/wp-json\/wp\/v2\/product_cat?post=2655"},{"taxonomy":"product_tag","embeddable":true,"href":"https:\/\/casadelstrossos.com\/es\/wp-json\/wp\/v2\/product_tag?post=2655"}],"curies":[{"name":"wp","href":"https:\/\/api.w.org\/{rel}","templated":true}]}}