{"id":2644,"date":"2026-03-10T17:42:37","date_gmt":"2026-03-10T16:42:37","guid":{"rendered":"https:\/\/casadelstrossos.com\/?post_type=product&#038;p=2644"},"modified":"2026-03-10T17:42:37","modified_gmt":"2026-03-10T16:42:37","slug":"loneta-zebra-marro","status":"publish","type":"product","link":"https:\/\/casadelstrossos.com\/es\/producte\/loneta-zebra-marro\/","title":{"rendered":"Loneta cebra marr\u00f3n."},"content":{"rendered":"<b>El precio indicado es por metro.<\/b><\/p>\n<ul>\n<li aria-level=\"1\">Composici\u00f3n: 70% Algod\u00f3n, 30% poli\u00e9ster<\/li>\n<li aria-level=\"1\">Ancho: 2,80 m<\/li>\n<li aria-level=\"1\">Fondo: marr\u00f3n.<\/li>\n<li aria-level=\"1\">Estampado: lineas estilo cebra. \/ Color: crudo<\/li>\n<li aria-level=\"1\">Tama\u00f1o del estampado: 0,4 ancho de la linea.<\/li>\n<\/ul>","protected":false},"excerpt":{"rendered":"<p>El precio indicado es por metro. Composici\u00f3n: 70% Algod\u00f3n, 30% poli\u00e9ster Ancho: 2,80 m Fondo: marr\u00f3n. Estampado: lineas estilo cebra. \/ Color: crudo Tama\u00f1o del estampado: 0,4 ancho de la linea.<\/p>\n","protected":false},"featured_media":2645,"template":"","meta":{"_joinchat":[]},"product_brand":[],"product_cat":[18,17],"product_tag":[178,180,314,308,243],"class_list":{"0":"post-2644","1":"product","2":"type-product","3":"status-publish","4":"has-post-thumbnail","6":"product_cat-loneta-coto-poliester","7":"product_cat-loneta-i-tapisseria","8":"product_tag-animal","9":"product_tag-animal-print","10":"product_tag-cebra","11":"product_tag-loneta","12":"product_tag-zebra","14":"first","15":"instock","16":"shipping-taxable","17":"purchasable","18":"product-type-simple"},"_links":{"self":[{"href":"https:\/\/casadelstrossos.com\/es\/wp-json\/wp\/v2\/product\/2644"}],"collection":[{"href":"https:\/\/casadelstrossos.com\/es\/wp-json\/wp\/v2\/product"}],"about":[{"href":"https:\/\/casadelstrossos.com\/es\/wp-json\/wp\/v2\/types\/product"}],"wp:featuredmedia":[{"embeddable":true,"href":"https:\/\/casadelstrossos.com\/es\/wp-json\/wp\/v2\/media\/2645"}],"wp:attachment":[{"href":"https:\/\/casadelstrossos.com\/es\/wp-json\/wp\/v2\/media?parent=2644"}],"wp:term":[{"taxonomy":"product_brand","embeddable":true,"href":"https:\/\/casadelstrossos.com\/es\/wp-json\/wp\/v2\/product_brand?post=2644"},{"taxonomy":"product_cat","embeddable":true,"href":"https:\/\/casadelstrossos.com\/es\/wp-json\/wp\/v2\/product_cat?post=2644"},{"taxonomy":"product_tag","embeddable":true,"href":"https:\/\/casadelstrossos.com\/es\/wp-json\/wp\/v2\/product_tag?post=2644"}],"curies":[{"name":"wp","href":"https:\/\/api.w.org\/{rel}","templated":true}]}}