{"id":2639,"date":"2026-03-10T17:22:57","date_gmt":"2026-03-10T16:22:57","guid":{"rendered":"https:\/\/casadelstrossos.com\/?post_type=product&#038;p=2639"},"modified":"2026-03-10T17:22:57","modified_gmt":"2026-03-10T16:22:57","slug":"loneta-aigues-tardor","status":"publish","type":"product","link":"https:\/\/casadelstrossos.com\/es\/producte\/loneta-aigues-tardor\/","title":{"rendered":"Loneta Aguas oto\u00f1o"},"content":{"rendered":"<b>El precio indicado es por metro.<\/b><\/p>\n<ul>\n<li aria-level=\"1\">Composici\u00f3n: 70% Algod\u00f3n, 30% poli\u00e9ster<\/li>\n<li aria-level=\"1\">Ancho: 2,80 m<\/li>\n<li aria-level=\"1\">Fondo: Crudo oscuro.<\/li>\n<li aria-level=\"1\">Estampado: aguas definidas\/ Color: caqui y distintos tonos de marr\u00f3n.<\/li>\n<li aria-level=\"1\">Tama\u00f1o del estampado: 21 cm ( largo linea caqui del centro de la imagen )<\/li>\n<\/ul>","protected":false},"excerpt":{"rendered":"<p>El precio indicado es por metro. Composici\u00f3n: 70% Algod\u00f3n, 30% poli\u00e9ster Ancho: 2,80 m Fondo: Crudo oscuro. Estampado: aguas definidas\/ Color: caqui y distintos tonos de marr\u00f3n. Tama\u00f1o del estampado: 21 cm ( largo linea caqui del centro de la imagen )<\/p>\n","protected":false},"featured_media":2640,"template":"","meta":{"_joinchat":[]},"product_brand":[],"product_cat":[18,17],"product_tag":[309,310,311,108,107],"class_list":{"0":"post-2639","1":"product","2":"type-product","3":"status-publish","4":"has-post-thumbnail","6":"product_cat-loneta-coto-poliester","7":"product_cat-loneta-i-tapisseria","8":"product_tag-aguas","9":"product_tag-lenguas","10":"product_tag-lineas","11":"product_tag-otono","12":"product_tag-tardor","14":"first","15":"instock","16":"shipping-taxable","17":"purchasable","18":"product-type-simple"},"_links":{"self":[{"href":"https:\/\/casadelstrossos.com\/es\/wp-json\/wp\/v2\/product\/2639"}],"collection":[{"href":"https:\/\/casadelstrossos.com\/es\/wp-json\/wp\/v2\/product"}],"about":[{"href":"https:\/\/casadelstrossos.com\/es\/wp-json\/wp\/v2\/types\/product"}],"wp:featuredmedia":[{"embeddable":true,"href":"https:\/\/casadelstrossos.com\/es\/wp-json\/wp\/v2\/media\/2640"}],"wp:attachment":[{"href":"https:\/\/casadelstrossos.com\/es\/wp-json\/wp\/v2\/media?parent=2639"}],"wp:term":[{"taxonomy":"product_brand","embeddable":true,"href":"https:\/\/casadelstrossos.com\/es\/wp-json\/wp\/v2\/product_brand?post=2639"},{"taxonomy":"product_cat","embeddable":true,"href":"https:\/\/casadelstrossos.com\/es\/wp-json\/wp\/v2\/product_cat?post=2639"},{"taxonomy":"product_tag","embeddable":true,"href":"https:\/\/casadelstrossos.com\/es\/wp-json\/wp\/v2\/product_tag?post=2639"}],"curies":[{"name":"wp","href":"https:\/\/api.w.org\/{rel}","templated":true}]}}