{"id":2637,"date":"2026-03-10T17:10:28","date_gmt":"2026-03-10T16:10:28","guid":{"rendered":"https:\/\/casadelstrossos.com\/?post_type=product&#038;p=2637"},"modified":"2026-03-10T17:13:08","modified_gmt":"2026-03-10T16:13:08","slug":"loneta-margarites","status":"publish","type":"product","link":"https:\/\/casadelstrossos.com\/es\/producte\/loneta-margarites\/","title":{"rendered":"Loneta Margaritas"},"content":{"rendered":"<b>El precio indicado es por metro.<\/b><\/p>\n<ul>\n<li aria-level=\"1\">Composici\u00f3n: 70% Algod\u00f3n, 30% poli\u00e9ster<\/li>\n<li aria-level=\"1\">Ancho: 2,80 m<\/li>\n<li aria-level=\"1\">Fondo: gris marengo.<\/li>\n<li aria-level=\"1\">Estampado: flores estilo margaritas.s \/ Color: crudo<\/li>\n<li aria-level=\"1\">Tama\u00f1o del estampado: 5,2cm ( flor )<\/li>\n<\/ul>","protected":false},"excerpt":{"rendered":"<p>El precio indicado es por metro. Composici\u00f3n: 70% Algod\u00f3n, 30% poli\u00e9ster Ancho: 2,80 m Fondo: gris marengo. Estampado: flores estilo margaritas.s \/ Color: crudo Tama\u00f1o del estampado: 5,2cm ( flor )<\/p>\n","protected":false},"featured_media":2638,"template":"","meta":{"_joinchat":[]},"product_brand":[],"product_cat":[18,17],"product_tag":[117,308,307,260],"class_list":{"0":"post-2637","1":"product","2":"type-product","3":"status-publish","4":"has-post-thumbnail","6":"product_cat-loneta-coto-poliester","7":"product_cat-loneta-i-tapisseria","8":"product_tag-flor","9":"product_tag-loneta","10":"product_tag-margarita","11":"product_tag-primavera","13":"first","14":"instock","15":"featured","16":"shipping-taxable","17":"purchasable","18":"product-type-simple"},"_links":{"self":[{"href":"https:\/\/casadelstrossos.com\/es\/wp-json\/wp\/v2\/product\/2637"}],"collection":[{"href":"https:\/\/casadelstrossos.com\/es\/wp-json\/wp\/v2\/product"}],"about":[{"href":"https:\/\/casadelstrossos.com\/es\/wp-json\/wp\/v2\/types\/product"}],"wp:featuredmedia":[{"embeddable":true,"href":"https:\/\/casadelstrossos.com\/es\/wp-json\/wp\/v2\/media\/2638"}],"wp:attachment":[{"href":"https:\/\/casadelstrossos.com\/es\/wp-json\/wp\/v2\/media?parent=2637"}],"wp:term":[{"taxonomy":"product_brand","embeddable":true,"href":"https:\/\/casadelstrossos.com\/es\/wp-json\/wp\/v2\/product_brand?post=2637"},{"taxonomy":"product_cat","embeddable":true,"href":"https:\/\/casadelstrossos.com\/es\/wp-json\/wp\/v2\/product_cat?post=2637"},{"taxonomy":"product_tag","embeddable":true,"href":"https:\/\/casadelstrossos.com\/es\/wp-json\/wp\/v2\/product_tag?post=2637"}],"curies":[{"name":"wp","href":"https:\/\/api.w.org\/{rel}","templated":true}]}}