{"id":2635,"date":"2026-03-04T18:35:10","date_gmt":"2026-03-04T17:35:10","guid":{"rendered":"https:\/\/casadelstrossos.com\/?post_type=product&#038;p=2635"},"modified":"2026-03-04T18:35:10","modified_gmt":"2026-03-04T17:35:10","slug":"floreta-variada-tons-tardor","status":"publish","type":"product","link":"https:\/\/casadelstrossos.com\/es\/producte\/floreta-variada-tons-tardor\/","title":{"rendered":"Florecita variada tonos oto\u00f1o."},"content":{"rendered":"<b>El precio indicado es por metro.<\/b><\/p>\n<ul>\n<li aria-level=\"1\">Composici\u00f3n: Algod\u00f3n 100%<\/li>\n<li aria-level=\"1\">Ancho: 1.50 m<\/li>\n<li aria-level=\"1\">Fondo: crudo<\/li>\n<li aria-level=\"1\">Estampado: Flores variadas.\/ Color: verde,\u00a0 naranja p\u00e1lido, azul gris\u00e1ceo i marr\u00f3n.<\/li>\n<li aria-level=\"1\">Tama\u00f1o del estampado: 1cm la flor m\u00e1s grande.<\/li>\n<li aria-level=\"1\">Tejido plano tipo patchwork.<\/li>\n<\/ul>","protected":false},"excerpt":{"rendered":"<p>El precio indicado es por metro. Composici\u00f3n: Algod\u00f3n 100% Ancho: 1.50 m Fondo: crudo Estampado: Flores variadas.\/ Color: verde,\u00a0 naranja p\u00e1lido, azul gris\u00e1ceo i marr\u00f3n. Tama\u00f1o del estampado: 1cm la flor m\u00e1s grande. Tejido plano tipo patchwork.<\/p>\n","protected":false},"featured_media":2636,"template":"","meta":{"_joinchat":[]},"product_brand":[],"product_cat":[72,19],"product_tag":[],"class_list":{"0":"post-2635","1":"product","2":"type-product","3":"status-publish","4":"has-post-thumbnail","6":"product_cat-flors-i-fulles","7":"product_cat-popelin-coto-patchwork","9":"first","10":"instock","11":"shipping-taxable","12":"purchasable","13":"product-type-simple"},"_links":{"self":[{"href":"https:\/\/casadelstrossos.com\/es\/wp-json\/wp\/v2\/product\/2635"}],"collection":[{"href":"https:\/\/casadelstrossos.com\/es\/wp-json\/wp\/v2\/product"}],"about":[{"href":"https:\/\/casadelstrossos.com\/es\/wp-json\/wp\/v2\/types\/product"}],"wp:featuredmedia":[{"embeddable":true,"href":"https:\/\/casadelstrossos.com\/es\/wp-json\/wp\/v2\/media\/2636"}],"wp:attachment":[{"href":"https:\/\/casadelstrossos.com\/es\/wp-json\/wp\/v2\/media?parent=2635"}],"wp:term":[{"taxonomy":"product_brand","embeddable":true,"href":"https:\/\/casadelstrossos.com\/es\/wp-json\/wp\/v2\/product_brand?post=2635"},{"taxonomy":"product_cat","embeddable":true,"href":"https:\/\/casadelstrossos.com\/es\/wp-json\/wp\/v2\/product_cat?post=2635"},{"taxonomy":"product_tag","embeddable":true,"href":"https:\/\/casadelstrossos.com\/es\/wp-json\/wp\/v2\/product_tag?post=2635"}],"curies":[{"name":"wp","href":"https:\/\/api.w.org\/{rel}","templated":true}]}}