{"id":2633,"date":"2026-03-04T18:27:45","date_gmt":"2026-03-04T17:27:45","guid":{"rendered":"https:\/\/casadelstrossos.com\/?post_type=product&#038;p=2633"},"modified":"2026-03-04T18:27:45","modified_gmt":"2026-03-04T17:27:45","slug":"floreta-variada-tons-blaus","status":"publish","type":"product","link":"https:\/\/casadelstrossos.com\/es\/producte\/floreta-variada-tons-blaus\/","title":{"rendered":"Florecita variada tonos azules."},"content":{"rendered":"<b>El precio indicado es por metro.<\/b><\/p>\n<ul>\n<li aria-level=\"1\">Composici\u00f3n: Algod\u00f3n 100%<\/li>\n<li aria-level=\"1\">Ancho: 1.50 m<\/li>\n<li aria-level=\"1\">Fondo: Azul gris\u00e1ceo pastel.<\/li>\n<li aria-level=\"1\">Estampado: Flores variadas.\/ Color: violeta, azul, naranja, verde.<\/li>\n<li aria-level=\"1\">Tama\u00f1o del estampado: 1cm la flor m\u00e1s grande.<\/li>\n<li aria-level=\"1\">Tejido plano tipo patchwork.<\/li>\n<\/ul>","protected":false},"excerpt":{"rendered":"<p>El precio indicado es por metro. Composici\u00f3n: Algod\u00f3n 100% Ancho: 1.50 m Fondo: Azul gris\u00e1ceo pastel. Estampado: Flores variadas.\/ Color: violeta, azul, naranja, verde. Tama\u00f1o del estampado: 1cm la flor m\u00e1s grande. Tejido plano tipo patchwork.<\/p>\n","protected":false},"featured_media":2634,"template":"","meta":{"_joinchat":[]},"product_brand":[],"product_cat":[72,19],"product_tag":[],"class_list":{"0":"post-2633","1":"product","2":"type-product","3":"status-publish","4":"has-post-thumbnail","6":"product_cat-flors-i-fulles","7":"product_cat-popelin-coto-patchwork","9":"first","10":"instock","11":"shipping-taxable","12":"purchasable","13":"product-type-simple"},"_links":{"self":[{"href":"https:\/\/casadelstrossos.com\/es\/wp-json\/wp\/v2\/product\/2633"}],"collection":[{"href":"https:\/\/casadelstrossos.com\/es\/wp-json\/wp\/v2\/product"}],"about":[{"href":"https:\/\/casadelstrossos.com\/es\/wp-json\/wp\/v2\/types\/product"}],"wp:featuredmedia":[{"embeddable":true,"href":"https:\/\/casadelstrossos.com\/es\/wp-json\/wp\/v2\/media\/2634"}],"wp:attachment":[{"href":"https:\/\/casadelstrossos.com\/es\/wp-json\/wp\/v2\/media?parent=2633"}],"wp:term":[{"taxonomy":"product_brand","embeddable":true,"href":"https:\/\/casadelstrossos.com\/es\/wp-json\/wp\/v2\/product_brand?post=2633"},{"taxonomy":"product_cat","embeddable":true,"href":"https:\/\/casadelstrossos.com\/es\/wp-json\/wp\/v2\/product_cat?post=2633"},{"taxonomy":"product_tag","embeddable":true,"href":"https:\/\/casadelstrossos.com\/es\/wp-json\/wp\/v2\/product_tag?post=2633"}],"curies":[{"name":"wp","href":"https:\/\/api.w.org\/{rel}","templated":true}]}}