{"id":2629,"date":"2026-02-26T12:33:44","date_gmt":"2026-02-26T11:33:44","guid":{"rendered":"https:\/\/casadelstrossos.com\/?post_type=product&#038;p=2629"},"modified":"2026-02-26T12:33:44","modified_gmt":"2026-02-26T11:33:44","slug":"popelin-petit-princep","status":"publish","type":"product","link":"https:\/\/casadelstrossos.com\/es\/producte\/popelin-petit-princep\/","title":{"rendered":"Popel\u00edn Principito"},"content":{"rendered":"<b>El precio indicado es por metro.<\/b><\/p>\n<ul>\n<li aria-level=\"1\">Composici\u00f3n: Algod\u00f3n 100%<\/li>\n<li aria-level=\"1\">Ancho: 1.45 m<\/li>\n<li aria-level=\"1\">Fondo: Azul gris\u00e1ceo<\/li>\n<li aria-level=\"1\">Estampado: Principito con avioneta, planetas, estrellas y zorro\/ Color: marr\u00f3n, crudo, rojo, gris, amarillo pastel.<\/li>\n<li aria-level=\"1\">Tama\u00f1o del estampado: 6cm largo avioneta.<\/li>\n<li aria-level=\"1\">Tejido plano tipo patchwork.<\/li>\n<\/ul>","protected":false},"excerpt":{"rendered":"<p>El precio indicado es por metro. Composici\u00f3n: Algod\u00f3n 100% Ancho: 1.45 m Fondo: Azul gris\u00e1ceo Estampado: Principito con avioneta, planetas, estrellas y zorro\/ Color: marr\u00f3n, crudo, rojo, gris, amarillo pastel. Tama\u00f1o del estampado: 6cm largo avioneta. Tejido plano tipo patchwork.<\/p>\n","protected":false},"featured_media":2630,"template":"","meta":{"_joinchat":[]},"product_brand":[],"product_cat":[19,61],"product_tag":[254,102,305,306,101,303,304],"class_list":{"0":"post-2629","1":"product","2":"type-product","3":"status-publish","4":"has-post-thumbnail","6":"product_cat-popelin-coto-patchwork","7":"product_cat-tematic","8":"product_tag-estrellas","9":"product_tag-estrelles","10":"product_tag-petitprincep","11":"product_tag-planetas","12":"product_tag-planetes","13":"product_tag-principito","14":"product_tag-zorro","16":"first","17":"instock","18":"shipping-taxable","19":"purchasable","20":"product-type-simple"},"_links":{"self":[{"href":"https:\/\/casadelstrossos.com\/es\/wp-json\/wp\/v2\/product\/2629"}],"collection":[{"href":"https:\/\/casadelstrossos.com\/es\/wp-json\/wp\/v2\/product"}],"about":[{"href":"https:\/\/casadelstrossos.com\/es\/wp-json\/wp\/v2\/types\/product"}],"wp:featuredmedia":[{"embeddable":true,"href":"https:\/\/casadelstrossos.com\/es\/wp-json\/wp\/v2\/media\/2630"}],"wp:attachment":[{"href":"https:\/\/casadelstrossos.com\/es\/wp-json\/wp\/v2\/media?parent=2629"}],"wp:term":[{"taxonomy":"product_brand","embeddable":true,"href":"https:\/\/casadelstrossos.com\/es\/wp-json\/wp\/v2\/product_brand?post=2629"},{"taxonomy":"product_cat","embeddable":true,"href":"https:\/\/casadelstrossos.com\/es\/wp-json\/wp\/v2\/product_cat?post=2629"},{"taxonomy":"product_tag","embeddable":true,"href":"https:\/\/casadelstrossos.com\/es\/wp-json\/wp\/v2\/product_tag?post=2629"}],"curies":[{"name":"wp","href":"https:\/\/api.w.org\/{rel}","templated":true}]}}