{"id":2587,"date":"2025-09-02T18:43:41","date_gmt":"2025-09-02T16:43:41","guid":{"rendered":"https:\/\/casadelstrossos.com\/?post_type=product&#038;p=2587"},"modified":"2025-09-02T18:49:38","modified_gmt":"2025-09-02T16:49:38","slug":"popelin-petjada-gos-0711","status":"publish","type":"product","link":"https:\/\/casadelstrossos.com\/es\/producte\/popelin-petjada-gos-0711\/","title":{"rendered":"Popel\u00edn huella perro -0711-"},"content":{"rendered":"<ul>\n<li>Composici\u00f3n: Algod\u00f3n 100%<\/li>\n<li>Ancho: 1.45 m<\/li>\n<li>Fondo: marr\u00f3n claro \/ crudo.<\/li>\n<li>Estampado: huellas perro y huesos \/ Color: marr\u00f3n, ocre, rojo, turquesa, negro, azul marino.<\/li>\n<li>Tama\u00f1o del estampado: 1 cm. ( hueso grande )<\/li>\n<li>Tejido plano tipo patchwork.<\/li>\n<\/ul>\n<p><b>El precio indicado es por metro.<\/b>","protected":false},"excerpt":{"rendered":"<p>Composici\u00f3n: Algod\u00f3n 100% Ancho: 1.45 m Fondo: marr\u00f3n claro \/ crudo. Estampado: huellas perro y huesos \/ Color: marr\u00f3n, ocre, rojo, turquesa, negro, azul marino. Tama\u00f1o del estampado: 1 cm. ( hueso grande ) Tejido plano tipo patchwork. El precio indicado es por metro.<\/p>\n","protected":false},"featured_media":2588,"template":"","meta":{"_joinchat":[]},"product_brand":[],"product_cat":[200,62,19],"product_tag":[87,269,273,271,272,89,270],"class_list":{"0":"post-2587","1":"product","2":"type-product","3":"status-publish","4":"has-post-thumbnail","6":"product_cat-animal-print-i-camuflatge","7":"product_cat-animals","8":"product_cat-popelin-coto-patchwork","9":"product_tag-gos","10":"product_tag-huella","11":"product_tag-huesos","12":"product_tag-os","13":"product_tag-ossos","14":"product_tag-perro","15":"product_tag-petjada","17":"first","18":"instock","19":"shipping-taxable","20":"purchasable","21":"product-type-simple"},"_links":{"self":[{"href":"https:\/\/casadelstrossos.com\/es\/wp-json\/wp\/v2\/product\/2587"}],"collection":[{"href":"https:\/\/casadelstrossos.com\/es\/wp-json\/wp\/v2\/product"}],"about":[{"href":"https:\/\/casadelstrossos.com\/es\/wp-json\/wp\/v2\/types\/product"}],"wp:featuredmedia":[{"embeddable":true,"href":"https:\/\/casadelstrossos.com\/es\/wp-json\/wp\/v2\/media\/2588"}],"wp:attachment":[{"href":"https:\/\/casadelstrossos.com\/es\/wp-json\/wp\/v2\/media?parent=2587"}],"wp:term":[{"taxonomy":"product_brand","embeddable":true,"href":"https:\/\/casadelstrossos.com\/es\/wp-json\/wp\/v2\/product_brand?post=2587"},{"taxonomy":"product_cat","embeddable":true,"href":"https:\/\/casadelstrossos.com\/es\/wp-json\/wp\/v2\/product_cat?post=2587"},{"taxonomy":"product_tag","embeddable":true,"href":"https:\/\/casadelstrossos.com\/es\/wp-json\/wp\/v2\/product_tag?post=2587"}],"curies":[{"name":"wp","href":"https:\/\/api.w.org\/{rel}","templated":true}]}}