{"id":2578,"date":"2025-07-11T10:08:46","date_gmt":"2025-07-11T08:08:46","guid":{"rendered":"https:\/\/casadelstrossos.com\/?post_type=product&#038;p=2578"},"modified":"2025-07-11T10:08:46","modified_gmt":"2025-07-11T08:08:46","slug":"fulla-rustica","status":"publish","type":"product","link":"https:\/\/casadelstrossos.com\/es\/producte\/fulla-rustica\/","title":{"rendered":"Hoja r\u00fastica"},"content":{"rendered":"&nbsp;<\/p>\n<ul>\n<li>Composici\u00f3n: Algod\u00f3n 100%<\/li>\n<li>Ancho: 1.45 m<\/li>\n<li>Fondo: granate.<\/li>\n<li>Estampado: hojas r\u00fasticas peque\u00f1as.\/ Color: crudo<\/li>\n<li>Tama\u00f1o del estampado: 1 cm.<\/li>\n<li>Tejido plano tipo patchwork.<\/li>\n<\/ul>\n<p><b>El precio indicado es por metro.<\/b>","protected":false},"excerpt":{"rendered":"<p>&nbsp; Composici\u00f3n: Algod\u00f3n 100% Ancho: 1.45 m Fondo: granate. Estampado: hojas r\u00fasticas peque\u00f1as.\/ Color: crudo Tama\u00f1o del estampado: 1 cm. Tejido plano tipo patchwork. El precio indicado es por metro.<\/p>\n","protected":false},"featured_media":2579,"template":"","meta":{"_joinchat":[]},"product_brand":[],"product_cat":[72,19],"product_tag":[],"class_list":{"0":"post-2578","1":"product","2":"type-product","3":"status-publish","4":"has-post-thumbnail","6":"product_cat-flors-i-fulles","7":"product_cat-popelin-coto-patchwork","9":"first","10":"instock","11":"shipping-taxable","12":"purchasable","13":"product-type-simple"},"_links":{"self":[{"href":"https:\/\/casadelstrossos.com\/es\/wp-json\/wp\/v2\/product\/2578"}],"collection":[{"href":"https:\/\/casadelstrossos.com\/es\/wp-json\/wp\/v2\/product"}],"about":[{"href":"https:\/\/casadelstrossos.com\/es\/wp-json\/wp\/v2\/types\/product"}],"wp:featuredmedia":[{"embeddable":true,"href":"https:\/\/casadelstrossos.com\/es\/wp-json\/wp\/v2\/media\/2579"}],"wp:attachment":[{"href":"https:\/\/casadelstrossos.com\/es\/wp-json\/wp\/v2\/media?parent=2578"}],"wp:term":[{"taxonomy":"product_brand","embeddable":true,"href":"https:\/\/casadelstrossos.com\/es\/wp-json\/wp\/v2\/product_brand?post=2578"},{"taxonomy":"product_cat","embeddable":true,"href":"https:\/\/casadelstrossos.com\/es\/wp-json\/wp\/v2\/product_cat?post=2578"},{"taxonomy":"product_tag","embeddable":true,"href":"https:\/\/casadelstrossos.com\/es\/wp-json\/wp\/v2\/product_tag?post=2578"}],"curies":[{"name":"wp","href":"https:\/\/api.w.org\/{rel}","templated":true}]}}