{"id":2527,"date":"2025-03-12T17:13:35","date_gmt":"2025-03-12T16:13:35","guid":{"rendered":"https:\/\/casadelstrossos.com\/?post_type=product&#038;p=2527"},"modified":"2025-05-20T16:49:22","modified_gmt":"2025-05-20T14:49:22","slug":"jacquard-estrella-sis-puntes-tap25","status":"publish","type":"product","link":"https:\/\/casadelstrossos.com\/es\/producte\/jacquard-estrella-sis-puntes-tap25\/","title":{"rendered":"Jacquard hex\u00e1gonos -TAP26-"},"content":{"rendered":"<b>El precio indicado es por metro.<\/b><\/p>\n<ul>\n<li aria-level=\"1\">Composici\u00f3n: 100% Poli\u00e9ster. Gobelino<\/li>\n<li aria-level=\"1\">Ancho: 2,80 m<\/li>\n<li aria-level=\"1\">Fondo: multicolor<\/li>\n<li aria-level=\"1\">Estampado: hex\u00e1gonos.\/ Color: multicolor<\/li>\n<li aria-level=\"1\">Tama\u00f1o del estampado: 3 cm ( altura hex\u00e1gono )<\/li>\n<\/ul>","protected":false},"excerpt":{"rendered":"<p>El precio indicado es por metro. Composici\u00f3n: 100% Poli\u00e9ster. Gobelino Ancho: 2,80 m Fondo: multicolor Estampado: hex\u00e1gonos.\/ Color: multicolor Tama\u00f1o del estampado: 3 cm ( altura hex\u00e1gono )<\/p>\n","protected":false},"featured_media":2541,"template":"","meta":{"_joinchat":[]},"product_brand":[],"product_cat":[222,17],"product_tag":[],"class_list":{"0":"post-2527","1":"product","2":"type-product","3":"status-publish","4":"has-post-thumbnail","6":"product_cat-jacquard","7":"product_cat-loneta-i-tapisseria","9":"first","10":"instock","11":"shipping-taxable","12":"purchasable","13":"product-type-simple"},"_links":{"self":[{"href":"https:\/\/casadelstrossos.com\/es\/wp-json\/wp\/v2\/product\/2527"}],"collection":[{"href":"https:\/\/casadelstrossos.com\/es\/wp-json\/wp\/v2\/product"}],"about":[{"href":"https:\/\/casadelstrossos.com\/es\/wp-json\/wp\/v2\/types\/product"}],"wp:featuredmedia":[{"embeddable":true,"href":"https:\/\/casadelstrossos.com\/es\/wp-json\/wp\/v2\/media\/2541"}],"wp:attachment":[{"href":"https:\/\/casadelstrossos.com\/es\/wp-json\/wp\/v2\/media?parent=2527"}],"wp:term":[{"taxonomy":"product_brand","embeddable":true,"href":"https:\/\/casadelstrossos.com\/es\/wp-json\/wp\/v2\/product_brand?post=2527"},{"taxonomy":"product_cat","embeddable":true,"href":"https:\/\/casadelstrossos.com\/es\/wp-json\/wp\/v2\/product_cat?post=2527"},{"taxonomy":"product_tag","embeddable":true,"href":"https:\/\/casadelstrossos.com\/es\/wp-json\/wp\/v2\/product_tag?post=2527"}],"curies":[{"name":"wp","href":"https:\/\/api.w.org\/{rel}","templated":true}]}}