{"id":2497,"date":"2024-12-18T19:06:18","date_gmt":"2024-12-18T18:06:18","guid":{"rendered":"https:\/\/casadelstrossos.com\/?post_type=product&#038;p=2497"},"modified":"2025-09-25T10:51:35","modified_gmt":"2025-09-25T08:51:35","slug":"popelin-flor-japonesa-0682","status":"publish","type":"product","link":"https:\/\/casadelstrossos.com\/es\/producte\/popelin-flor-japonesa-0682\/","title":{"rendered":"Popel\u00edn flor japonesa -0682 &#8211;"},"content":{"rendered":"<b>El precio indicado es por metro.<\/b><\/p>\n<ul>\n<li aria-level=\"1\">Composici\u00f3n: Algod\u00f3n 100%<\/li>\n<li aria-level=\"1\">Ancho: 1.5 m<\/li>\n<li aria-level=\"1\">Fondo: granate<\/li>\n<li aria-level=\"1\">Estampado: flor japonesa. ( color rojo, rosado )<\/li>\n<li aria-level=\"1\">Tama\u00f1o del estampado: 1 cm ( flor grande )<\/li>\n<li aria-level=\"1\">Tejido plano tipo patchwork.<\/li>\n<\/ul>","protected":false},"excerpt":{"rendered":"<p>El precio indicado es por metro. Composici\u00f3n: Algod\u00f3n 100% Ancho: 1.5 m Fondo: granate Estampado: flor japonesa. ( color rojo, rosado ) Tama\u00f1o del estampado: 1 cm ( flor grande ) Tejido plano tipo patchwork.<\/p>\n","protected":false},"featured_media":2498,"template":"","meta":{"_joinchat":[]},"product_brand":[],"product_cat":[72,19],"product_tag":[117,245],"class_list":{"0":"post-2497","1":"product","2":"type-product","3":"status-publish","4":"has-post-thumbnail","6":"product_cat-flors-i-fulles","7":"product_cat-popelin-coto-patchwork","8":"product_tag-flor","9":"product_tag-japonesa","11":"first","12":"instock","13":"shipping-taxable","14":"purchasable","15":"product-type-simple"},"_links":{"self":[{"href":"https:\/\/casadelstrossos.com\/es\/wp-json\/wp\/v2\/product\/2497"}],"collection":[{"href":"https:\/\/casadelstrossos.com\/es\/wp-json\/wp\/v2\/product"}],"about":[{"href":"https:\/\/casadelstrossos.com\/es\/wp-json\/wp\/v2\/types\/product"}],"wp:featuredmedia":[{"embeddable":true,"href":"https:\/\/casadelstrossos.com\/es\/wp-json\/wp\/v2\/media\/2498"}],"wp:attachment":[{"href":"https:\/\/casadelstrossos.com\/es\/wp-json\/wp\/v2\/media?parent=2497"}],"wp:term":[{"taxonomy":"product_brand","embeddable":true,"href":"https:\/\/casadelstrossos.com\/es\/wp-json\/wp\/v2\/product_brand?post=2497"},{"taxonomy":"product_cat","embeddable":true,"href":"https:\/\/casadelstrossos.com\/es\/wp-json\/wp\/v2\/product_cat?post=2497"},{"taxonomy":"product_tag","embeddable":true,"href":"https:\/\/casadelstrossos.com\/es\/wp-json\/wp\/v2\/product_tag?post=2497"}],"curies":[{"name":"wp","href":"https:\/\/api.w.org\/{rel}","templated":true}]}}