{"id":2482,"date":"2024-11-13T17:04:25","date_gmt":"2024-11-13T16:04:25","guid":{"rendered":"https:\/\/casadelstrossos.com\/?post_type=product&#038;p=2482"},"modified":"2024-11-13T17:04:25","modified_gmt":"2024-11-13T16:04:25","slug":"popelin-estampat-japones-dhexagons-multicolors-0674","status":"publish","type":"product","link":"https:\/\/casadelstrossos.com\/es\/producte\/popelin-estampat-japones-dhexagons-multicolors-0674\/","title":{"rendered":"Popel\u00edn estampado japon\u00e9s de hex\u00e1gons multicolores. -0674-"},"content":{"rendered":"<div class=\"w-post-elm post_content\">\n<p><span class=\"w-post-elm-before\">Ref.:\u00a0<\/span><span class=\"sku\">0674<\/span><\/p>\n<p><b>El precio indicado es por metro.<\/b><\/p>\n<ul>\n<li aria-level=\"1\">Composici\u00f3n: Algod\u00f3n 100%.<\/li>\n<li aria-level=\"1\">Ancho: 1.5 m<\/li>\n<li aria-level=\"1\">Color fondo: multicolor<\/li>\n<li aria-level=\"1\">Estampado: hexagonos multicolor, estampado japon\u00e9s. \/ Color: azul, verde, negro,naranja, rosa&#8230;<\/li>\n<li aria-level=\"1\">Tama\u00f1o del estampado: 4 cm. (alto hex\u00e1gono)<\/li>\n<li aria-level=\"1\">Tejido plano tipo patchwork.<\/li>\n<\/ul>\n<\/div>","protected":false},"excerpt":{"rendered":"<p>Ref.:\u00a00674 El precio indicado es por metro. Composici\u00f3n: Algod\u00f3n 100%. Ancho: 1.5 m Color fondo: multicolor Estampado: hexagonos multicolor, estampado japon\u00e9s. \/ Color: azul, verde, negro,naranja, rosa&#8230; Tama\u00f1o del estampado: 4 cm. (alto hex\u00e1gono) Tejido plano tipo patchwork.<\/p>\n","protected":false},"featured_media":2484,"template":"","meta":{"_joinchat":[]},"product_brand":[],"product_cat":[69,19],"product_tag":[],"class_list":{"0":"post-2482","1":"product","2":"type-product","3":"status-publish","4":"has-post-thumbnail","6":"product_cat-geometric","7":"product_cat-popelin-coto-patchwork","9":"first","10":"instock","11":"shipping-taxable","12":"purchasable","13":"product-type-simple"},"_links":{"self":[{"href":"https:\/\/casadelstrossos.com\/es\/wp-json\/wp\/v2\/product\/2482"}],"collection":[{"href":"https:\/\/casadelstrossos.com\/es\/wp-json\/wp\/v2\/product"}],"about":[{"href":"https:\/\/casadelstrossos.com\/es\/wp-json\/wp\/v2\/types\/product"}],"wp:featuredmedia":[{"embeddable":true,"href":"https:\/\/casadelstrossos.com\/es\/wp-json\/wp\/v2\/media\/2484"}],"wp:attachment":[{"href":"https:\/\/casadelstrossos.com\/es\/wp-json\/wp\/v2\/media?parent=2482"}],"wp:term":[{"taxonomy":"product_brand","embeddable":true,"href":"https:\/\/casadelstrossos.com\/es\/wp-json\/wp\/v2\/product_brand?post=2482"},{"taxonomy":"product_cat","embeddable":true,"href":"https:\/\/casadelstrossos.com\/es\/wp-json\/wp\/v2\/product_cat?post=2482"},{"taxonomy":"product_tag","embeddable":true,"href":"https:\/\/casadelstrossos.com\/es\/wp-json\/wp\/v2\/product_tag?post=2482"}],"curies":[{"name":"wp","href":"https:\/\/api.w.org\/{rel}","templated":true}]}}