{"id":2469,"date":"2024-10-10T11:48:13","date_gmt":"2024-10-10T09:48:13","guid":{"rendered":"https:\/\/casadelstrossos.com\/?post_type=product&#038;p=2469"},"modified":"2024-10-10T11:48:13","modified_gmt":"2024-10-10T09:48:13","slug":"punt-estrelles","status":"publish","type":"product","link":"https:\/\/casadelstrossos.com\/es\/producte\/punt-estrelles\/","title":{"rendered":"Punto Estrellas"},"content":{"rendered":"<span class=\"w-post-elm-before\">Ref.:\u00a0<\/span><span class=\"sku\">P018<\/span><\/p>\n<p><b>El precio indicado es por metro.<\/b><\/p>\n<ul>\n<li aria-level=\"1\">Composici\u00f3n: Algod\u00f3n y Poliester.<\/li>\n<li aria-level=\"1\">Ancho: 1.5 m<\/li>\n<li aria-level=\"1\">Fondo: blau<\/li>\n<li aria-level=\"1\">Estampado: estrelles \/ Color: blau mar\u00ed<\/li>\n<li aria-level=\"1\">Tama\u00f1o del estampado: 2 cm<\/li>\n<li aria-level=\"1\">Punto el\u00e1stico de camiseta<\/li>\n<\/ul>","protected":false},"excerpt":{"rendered":"<p>Ref.:\u00a0P018 El precio indicado es por metro. Composici\u00f3n: Algod\u00f3n y Poliester. Ancho: 1.5 m Fondo: blau Estampado: estrelles \/ Color: blau mar\u00ed Tama\u00f1o del estampado: 2 cm Punto el\u00e1stico de camiseta<\/p>\n","protected":false},"featured_media":2470,"template":"","meta":{"_joinchat":[]},"product_brand":[],"product_cat":[230],"product_tag":[102],"class_list":{"0":"post-2469","1":"product","2":"type-product","3":"status-publish","4":"has-post-thumbnail","6":"product_cat-punt","7":"product_tag-estrelles","9":"first","10":"instock","11":"shipping-taxable","12":"purchasable","13":"product-type-simple"},"_links":{"self":[{"href":"https:\/\/casadelstrossos.com\/es\/wp-json\/wp\/v2\/product\/2469"}],"collection":[{"href":"https:\/\/casadelstrossos.com\/es\/wp-json\/wp\/v2\/product"}],"about":[{"href":"https:\/\/casadelstrossos.com\/es\/wp-json\/wp\/v2\/types\/product"}],"wp:featuredmedia":[{"embeddable":true,"href":"https:\/\/casadelstrossos.com\/es\/wp-json\/wp\/v2\/media\/2470"}],"wp:attachment":[{"href":"https:\/\/casadelstrossos.com\/es\/wp-json\/wp\/v2\/media?parent=2469"}],"wp:term":[{"taxonomy":"product_brand","embeddable":true,"href":"https:\/\/casadelstrossos.com\/es\/wp-json\/wp\/v2\/product_brand?post=2469"},{"taxonomy":"product_cat","embeddable":true,"href":"https:\/\/casadelstrossos.com\/es\/wp-json\/wp\/v2\/product_cat?post=2469"},{"taxonomy":"product_tag","embeddable":true,"href":"https:\/\/casadelstrossos.com\/es\/wp-json\/wp\/v2\/product_tag?post=2469"}],"curies":[{"name":"wp","href":"https:\/\/api.w.org\/{rel}","templated":true}]}}