{"id":2369,"date":"2024-05-17T18:43:35","date_gmt":"2024-05-17T16:43:35","guid":{"rendered":"http:\/\/casadelstrossos.com\/?post_type=product&#038;p=2369"},"modified":"2024-05-17T19:26:11","modified_gmt":"2024-05-17T17:26:11","slug":"popelin-vichy-rosa-0625","status":"publish","type":"product","link":"https:\/\/casadelstrossos.com\/es\/producte\/popelin-vichy-rosa-0625\/","title":{"rendered":"Popel\u00edn vichy rosa -0625"},"content":{"rendered":"<b>El precio indicado es por metro.<\/b><\/p>\n<ul>\n<li style=\"font-weight: 400;\" aria-level=\"1\"><span style=\"font-weight: 400;\">Composici\u00f3n: Algod\u00f3n 100%.\u00a0<\/span><\/li>\n<li style=\"font-weight: 400;\" aria-level=\"1\"><span style=\"font-weight: 400;\">Ancho: 1.5 m<\/span><\/li>\n<li style=\"font-weight: 400;\" aria-level=\"1\"><span style=\"font-weight: 400;\">Fondo: blanco<\/span><\/li>\n<li style=\"font-weight: 400;\" aria-level=\"1\"><span style=\"font-weight: 400;\">Estampado: cuadro vichy \/ Color: rosa salm\u00f3n<\/span><\/li>\n<li style=\"font-weight: 400;\" aria-level=\"1\"><span style=\"font-weight: 400;\">Tama\u00f1o del estampado: 0,3 cm.<\/span><\/li>\n<li style=\"font-weight: 400;\" aria-level=\"1\"><span style=\"font-weight: 400;\">Tejido plano tipo patchwork.<\/span><\/li>\n<li>Conjunto: <a href=\"http:\/\/casadelstrossos.com\/producte\/popelin-cors-roses-0371\/\">Blanco con coraz\u00f3n rosa 0371<\/a> i <a href=\"http:\/\/casadelstrossos.com\/producte\/popelin-rosa-amb-cors-0084\/\">rosa con coraz\u00f3n blanco 0084<\/a><\/li>\n<\/ul>","protected":false},"excerpt":{"rendered":"<p>El precio indicado es por metro. Composici\u00f3n: Algod\u00f3n 100%.\u00a0 Ancho: 1.5 m Fondo: blanco Estampado: cuadro vichy \/ Color: rosa salm\u00f3n Tama\u00f1o del estampado: 0,3 cm. Tejido plano tipo patchwork. Conjunto: Blanco con coraz\u00f3n rosa 0371 i rosa con coraz\u00f3n blanco 0084<\/p>\n","protected":false},"featured_media":2371,"template":"","meta":{"_joinchat":[]},"product_brand":[],"product_cat":[19,130],"product_tag":[],"class_list":{"0":"post-2369","1":"product","2":"type-product","3":"status-publish","4":"has-post-thumbnail","6":"product_cat-popelin-coto-patchwork","7":"product_cat-quadres-i-ratlles","9":"first","10":"instock","11":"shipping-taxable","12":"purchasable","13":"product-type-simple"},"_links":{"self":[{"href":"https:\/\/casadelstrossos.com\/es\/wp-json\/wp\/v2\/product\/2369"}],"collection":[{"href":"https:\/\/casadelstrossos.com\/es\/wp-json\/wp\/v2\/product"}],"about":[{"href":"https:\/\/casadelstrossos.com\/es\/wp-json\/wp\/v2\/types\/product"}],"wp:featuredmedia":[{"embeddable":true,"href":"https:\/\/casadelstrossos.com\/es\/wp-json\/wp\/v2\/media\/2371"}],"wp:attachment":[{"href":"https:\/\/casadelstrossos.com\/es\/wp-json\/wp\/v2\/media?parent=2369"}],"wp:term":[{"taxonomy":"product_brand","embeddable":true,"href":"https:\/\/casadelstrossos.com\/es\/wp-json\/wp\/v2\/product_brand?post=2369"},{"taxonomy":"product_cat","embeddable":true,"href":"https:\/\/casadelstrossos.com\/es\/wp-json\/wp\/v2\/product_cat?post=2369"},{"taxonomy":"product_tag","embeddable":true,"href":"https:\/\/casadelstrossos.com\/es\/wp-json\/wp\/v2\/product_tag?post=2369"}],"curies":[{"name":"wp","href":"https:\/\/api.w.org\/{rel}","templated":true}]}}