{"id":2284,"date":"2024-02-06T19:26:51","date_gmt":"2024-02-06T18:26:51","guid":{"rendered":"http:\/\/casadelstrossos.com\/?post_type=product&#038;p=2284"},"modified":"2024-02-06T19:26:52","modified_gmt":"2024-02-06T18:26:52","slug":"llencol-poliester-coto-gris-clar-19","status":"publish","type":"product","link":"https:\/\/casadelstrossos.com\/es\/producte\/llencol-poliester-coto-gris-clar-19\/","title":{"rendered":"S\u00e1bana poli\u00e9ster-agod\u00f3n gris claro -19-"},"content":{"rendered":"<b>El precio indicado es por metro.<\/b><\/p>\n<ul>\n<li style=\"font-weight: 400;\" aria-level=\"1\"><span style=\"font-weight: 400;\">Composici\u00f3n: Algod\u00f3n 50%, poli\u00e9ster 50%<\/span><\/li>\n<li style=\"font-weight: 400;\" aria-level=\"1\"><span style=\"font-weight: 400;\">Ancho: 2,80 m<\/span><\/li>\n<li style=\"font-weight: 400;\" aria-level=\"1\"><span style=\"font-weight: 400;\">Color: gris claro<\/span><\/li>\n<\/ul>","protected":false},"excerpt":{"rendered":"<p>El precio indicado es por metro. Composici\u00f3n: Algod\u00f3n 50%, poli\u00e9ster 50% Ancho: 2,80 m Color: gris claro<\/p>\n","protected":false},"featured_media":2285,"template":"","meta":{"_joinchat":[]},"product_brand":[],"product_cat":[20,227,21],"product_tag":[],"class_list":{"0":"post-2284","1":"product","2":"type-product","3":"status-publish","4":"has-post-thumbnail","6":"product_cat-llencol","7":"product_cat-llencol-50-coto-llis","8":"product_cat-llencol-poliester-coto","10":"first","11":"instock","12":"shipping-taxable","13":"purchasable","14":"product-type-simple"},"_links":{"self":[{"href":"https:\/\/casadelstrossos.com\/es\/wp-json\/wp\/v2\/product\/2284"}],"collection":[{"href":"https:\/\/casadelstrossos.com\/es\/wp-json\/wp\/v2\/product"}],"about":[{"href":"https:\/\/casadelstrossos.com\/es\/wp-json\/wp\/v2\/types\/product"}],"wp:featuredmedia":[{"embeddable":true,"href":"https:\/\/casadelstrossos.com\/es\/wp-json\/wp\/v2\/media\/2285"}],"wp:attachment":[{"href":"https:\/\/casadelstrossos.com\/es\/wp-json\/wp\/v2\/media?parent=2284"}],"wp:term":[{"taxonomy":"product_brand","embeddable":true,"href":"https:\/\/casadelstrossos.com\/es\/wp-json\/wp\/v2\/product_brand?post=2284"},{"taxonomy":"product_cat","embeddable":true,"href":"https:\/\/casadelstrossos.com\/es\/wp-json\/wp\/v2\/product_cat?post=2284"},{"taxonomy":"product_tag","embeddable":true,"href":"https:\/\/casadelstrossos.com\/es\/wp-json\/wp\/v2\/product_tag?post=2284"}],"curies":[{"name":"wp","href":"https:\/\/api.w.org\/{rel}","templated":true}]}}