{"id":2141,"date":"2023-06-08T17:03:34","date_gmt":"2023-06-08T15:03:34","guid":{"rendered":"http:\/\/casadelstrossos.com\/?post_type=product&#038;p=2141"},"modified":"2025-02-13T12:12:24","modified_gmt":"2025-02-13T11:12:24","slug":"ris-de-bambu-03","status":"publish","type":"product","link":"https:\/\/casadelstrossos.com\/es\/producte\/ris-de-bambu-03\/","title":{"rendered":"Rizo de bamb\u00fa blanco -03-"},"content":{"rendered":"<b>El precio indicado es por metro.<\/b><\/p>\n<ul>\n<li style=\"font-weight: 400;\" aria-level=\"1\"><span style=\"font-weight: 400;\">Composici\u00f3n: toalla de 90% bamb\u00fa, 10% poli\u00e9ster<\/span><\/li>\n<li style=\"font-weight: 400;\" aria-level=\"1\"><span style=\"font-weight: 400;\">Ancho:\u00a0 1,60 m<\/span><\/li>\n<li style=\"font-weight: 400;\" aria-level=\"1\"><span style=\"font-weight: 400;\">color: blanco<\/span><\/li>\n<\/ul>","protected":false},"excerpt":{"rendered":"<p>El precio indicado es por metro. Composici\u00f3n: toalla de 90% bamb\u00fa, 10% poli\u00e9ster Ancho:\u00a0 1,60 m color: blanco<\/p>\n","protected":false},"featured_media":2142,"template":"","meta":{"_joinchat":[]},"product_brand":[],"product_cat":[218,217],"product_tag":[],"class_list":{"0":"post-2141","1":"product","2":"type-product","3":"status-publish","4":"has-post-thumbnail","6":"product_cat-bambu","7":"product_cat-tovallola","9":"first","10":"instock","11":"shipping-taxable","12":"purchasable","13":"product-type-simple"},"_links":{"self":[{"href":"https:\/\/casadelstrossos.com\/es\/wp-json\/wp\/v2\/product\/2141"}],"collection":[{"href":"https:\/\/casadelstrossos.com\/es\/wp-json\/wp\/v2\/product"}],"about":[{"href":"https:\/\/casadelstrossos.com\/es\/wp-json\/wp\/v2\/types\/product"}],"wp:featuredmedia":[{"embeddable":true,"href":"https:\/\/casadelstrossos.com\/es\/wp-json\/wp\/v2\/media\/2142"}],"wp:attachment":[{"href":"https:\/\/casadelstrossos.com\/es\/wp-json\/wp\/v2\/media?parent=2141"}],"wp:term":[{"taxonomy":"product_brand","embeddable":true,"href":"https:\/\/casadelstrossos.com\/es\/wp-json\/wp\/v2\/product_brand?post=2141"},{"taxonomy":"product_cat","embeddable":true,"href":"https:\/\/casadelstrossos.com\/es\/wp-json\/wp\/v2\/product_cat?post=2141"},{"taxonomy":"product_tag","embeddable":true,"href":"https:\/\/casadelstrossos.com\/es\/wp-json\/wp\/v2\/product_tag?post=2141"}],"curies":[{"name":"wp","href":"https:\/\/api.w.org\/{rel}","templated":true}]}}