{"id":2134,"date":"2023-05-26T10:32:17","date_gmt":"2023-05-26T08:32:17","guid":{"rendered":"http:\/\/casadelstrossos.com\/?post_type=product&#038;p=2134"},"modified":"2025-07-02T12:33:35","modified_gmt":"2025-07-02T10:33:35","slug":"resinada-quadre-vichy-negre-043","status":"publish","type":"product","link":"https:\/\/casadelstrossos.com\/es\/producte\/resinada-quadre-vichy-negre-043\/","title":{"rendered":"Resinada cuadro vichy negro -043-"},"content":{"rendered":"<b>El precio indicado es por metro.<\/b><\/p>\n<ul>\n<li style=\"font-weight: 400;\" aria-level=\"1\"><span style=\"font-weight: 400;\">Tejido base de loneta con acabado de silicona antimanchas. Apto para lavadora a 30\u00baC.<\/span><\/li>\n<li style=\"font-weight: 400;\" aria-level=\"1\"><span style=\"font-weight: 400;\">Composici\u00f3n: poli\u00e9ster-algod\u00f3n.<\/span><\/li>\n<li style=\"font-weight: 400;\" aria-level=\"1\"><span style=\"font-weight: 400;\">Ancho: 1.40 m<\/span><\/li>\n<li style=\"font-weight: 400;\" aria-level=\"1\"><span style=\"font-weight: 400;\">Fondo: blanco roto<\/span><\/li>\n<li style=\"font-weight: 400;\" aria-level=\"1\"><span style=\"font-weight: 400;\">Estampado: cuadro vichy grande \/ Color: negro<\/span><\/li>\n<li style=\"font-weight: 400;\" aria-level=\"1\"><span style=\"font-weight: 400;\">Tama\u00f1o del estampado: cuadro de 1,5 cm.<\/span><\/li>\n<\/ul>","protected":false},"excerpt":{"rendered":"<p>El precio indicado es por metro. Tejido base de loneta con acabado de silicona antimanchas. Apto para lavadora a 30\u00baC. Composici\u00f3n: poli\u00e9ster-algod\u00f3n. Ancho: 1.40 m Fondo: blanco roto Estampado: cuadro vichy grande \/ Color: negro Tama\u00f1o del estampado: cuadro de 1,5 cm.<\/p>\n","protected":false},"featured_media":2135,"template":"","meta":{"_joinchat":[]},"product_brand":[],"product_cat":[214,17],"product_tag":[],"class_list":{"0":"post-2134","1":"product","2":"type-product","3":"status-publish","4":"has-post-thumbnail","6":"product_cat-antimanchas","7":"product_cat-loneta-i-tapisseria","9":"first","10":"outofstock","11":"shipping-taxable","12":"purchasable","13":"product-type-simple"},"_links":{"self":[{"href":"https:\/\/casadelstrossos.com\/es\/wp-json\/wp\/v2\/product\/2134"}],"collection":[{"href":"https:\/\/casadelstrossos.com\/es\/wp-json\/wp\/v2\/product"}],"about":[{"href":"https:\/\/casadelstrossos.com\/es\/wp-json\/wp\/v2\/types\/product"}],"wp:featuredmedia":[{"embeddable":true,"href":"https:\/\/casadelstrossos.com\/es\/wp-json\/wp\/v2\/media\/2135"}],"wp:attachment":[{"href":"https:\/\/casadelstrossos.com\/es\/wp-json\/wp\/v2\/media?parent=2134"}],"wp:term":[{"taxonomy":"product_brand","embeddable":true,"href":"https:\/\/casadelstrossos.com\/es\/wp-json\/wp\/v2\/product_brand?post=2134"},{"taxonomy":"product_cat","embeddable":true,"href":"https:\/\/casadelstrossos.com\/es\/wp-json\/wp\/v2\/product_cat?post=2134"},{"taxonomy":"product_tag","embeddable":true,"href":"https:\/\/casadelstrossos.com\/es\/wp-json\/wp\/v2\/product_tag?post=2134"}],"curies":[{"name":"wp","href":"https:\/\/api.w.org\/{rel}","templated":true}]}}