{"id":1948,"date":"2023-01-12T12:36:51","date_gmt":"2023-01-12T11:36:51","guid":{"rendered":"http:\/\/casadelstrossos.com\/?post_type=product&#038;p=1948"},"modified":"2023-01-12T12:36:51","modified_gmt":"2023-01-12T11:36:51","slug":"loneta-petjades-de-colors-077","status":"publish","type":"product","link":"https:\/\/casadelstrossos.com\/es\/producte\/loneta-petjades-de-colors-077\/","title":{"rendered":"Loneta huellas de colores -077-"},"content":{"rendered":"<b>El precio indicado es por metro.<\/b><\/p>\n<ul>\n<li style=\"font-weight: 400;\" aria-level=\"1\"><span style=\"font-weight: 400;\">Composici\u00f3n: 60% Algod\u00f3n, <\/span><span style=\"font-weight: 400;\">40% poli\u00e9ster<\/span><\/li>\n<li style=\"font-weight: 400;\" aria-level=\"1\"><span style=\"font-weight: 400;\">Ancho: 2,80 m<\/span><\/li>\n<li style=\"font-weight: 400;\" aria-level=\"1\"><span style=\"font-weight: 400;\">Fondo: gris oscuro<\/span><\/li>\n<li style=\"font-weight: 400;\" aria-level=\"1\"><span style=\"font-weight: 400;\">Estampado: huellas de perro, animal \/ Color: rosa, azul, amarillo, rojo.<\/span><\/li>\n<li style=\"font-weight: 400;\" aria-level=\"1\"><span style=\"font-weight: 400;\">Tama\u00f1o del estampado: 3,5 cm.<\/span><\/li>\n<\/ul>","protected":false},"excerpt":{"rendered":"<p>El precio indicado es por metro. Composici\u00f3n: 60% Algod\u00f3n, 40% poli\u00e9ster Ancho: 2,80 m Fondo: gris oscuro Estampado: huellas de perro, animal \/ Color: rosa, azul, amarillo, rojo. Tama\u00f1o del estampado: 3,5 cm.<\/p>\n","protected":false},"featured_media":1949,"template":"","meta":{"_joinchat":[]},"product_brand":[],"product_cat":[18,17],"product_tag":[],"class_list":{"0":"post-1948","1":"product","2":"type-product","3":"status-publish","4":"has-post-thumbnail","6":"product_cat-loneta-coto-poliester","7":"product_cat-loneta-i-tapisseria","9":"first","10":"instock","11":"shipping-taxable","12":"purchasable","13":"product-type-simple"},"_links":{"self":[{"href":"https:\/\/casadelstrossos.com\/es\/wp-json\/wp\/v2\/product\/1948"}],"collection":[{"href":"https:\/\/casadelstrossos.com\/es\/wp-json\/wp\/v2\/product"}],"about":[{"href":"https:\/\/casadelstrossos.com\/es\/wp-json\/wp\/v2\/types\/product"}],"wp:featuredmedia":[{"embeddable":true,"href":"https:\/\/casadelstrossos.com\/es\/wp-json\/wp\/v2\/media\/1949"}],"wp:attachment":[{"href":"https:\/\/casadelstrossos.com\/es\/wp-json\/wp\/v2\/media?parent=1948"}],"wp:term":[{"taxonomy":"product_brand","embeddable":true,"href":"https:\/\/casadelstrossos.com\/es\/wp-json\/wp\/v2\/product_brand?post=1948"},{"taxonomy":"product_cat","embeddable":true,"href":"https:\/\/casadelstrossos.com\/es\/wp-json\/wp\/v2\/product_cat?post=1948"},{"taxonomy":"product_tag","embeddable":true,"href":"https:\/\/casadelstrossos.com\/es\/wp-json\/wp\/v2\/product_tag?post=1948"}],"curies":[{"name":"wp","href":"https:\/\/api.w.org\/{rel}","templated":true}]}}