{"id":1860,"date":"2022-06-21T17:36:15","date_gmt":"2022-06-21T15:36:15","guid":{"rendered":"http:\/\/casadelstrossos.com\/?post_type=product&#038;p=1860"},"modified":"2022-06-21T17:36:15","modified_gmt":"2022-06-21T15:36:15","slug":"resinada-beix-flor-geometrica-039","status":"publish","type":"product","link":"https:\/\/casadelstrossos.com\/es\/producte\/resinada-beix-flor-geometrica-039\/","title":{"rendered":"Resinada Beige flor geom\u00e9trica -039-"},"content":{"rendered":"<b>El precio indicado es por metro.<\/b><\/p>\n<ul>\n<li style=\"font-weight: 400;\" aria-level=\"1\"><span style=\"font-weight: 400;\">Tejido base de loneta con acabado de silicona antimanchas. Apto para lavadora a 30\u00baC.<\/span><\/li>\n<li style=\"font-weight: 400;\" aria-level=\"1\"><span style=\"font-weight: 400;\">Composici\u00f3n: poli\u00e9ster-algod\u00f3n.<\/span><\/li>\n<li style=\"font-weight: 400;\" aria-level=\"1\"><span style=\"font-weight: 400;\">Ancho: 1.40 m<\/span><\/li>\n<li style=\"font-weight: 400;\" aria-level=\"1\"><span style=\"font-weight: 400;\">Fondo: beige<\/span><\/li>\n<li style=\"font-weight: 400;\" aria-level=\"1\"><span style=\"font-weight: 400;\">Estampado: flor azulejo regular \/ Color: blanco<\/span><\/li>\n<li style=\"font-weight: 400;\" aria-level=\"1\"><span style=\"font-weight: 400;\">Tama\u00f1o del estampado: 9 cm.<\/span><\/li>\n<\/ul>","protected":false},"excerpt":{"rendered":"<p>El precio indicado es por metro. Tejido base de loneta con acabado de silicona antimanchas. Apto para lavadora a 30\u00baC. Composici\u00f3n: poli\u00e9ster-algod\u00f3n. Ancho: 1.40 m Fondo: beige Estampado: flor azulejo regular \/ Color: blanco Tama\u00f1o del estampado: 9 cm.<\/p>\n","protected":false},"featured_media":1065,"template":"","meta":{"_joinchat":[]},"product_brand":[],"product_cat":[214,17],"product_tag":[],"class_list":{"0":"post-1860","1":"product","2":"type-product","3":"status-publish","4":"has-post-thumbnail","6":"product_cat-antimanchas","7":"product_cat-loneta-i-tapisseria","9":"first","10":"instock","11":"shipping-taxable","12":"purchasable","13":"product-type-simple"},"_links":{"self":[{"href":"https:\/\/casadelstrossos.com\/es\/wp-json\/wp\/v2\/product\/1860"}],"collection":[{"href":"https:\/\/casadelstrossos.com\/es\/wp-json\/wp\/v2\/product"}],"about":[{"href":"https:\/\/casadelstrossos.com\/es\/wp-json\/wp\/v2\/types\/product"}],"wp:featuredmedia":[{"embeddable":true,"href":"https:\/\/casadelstrossos.com\/es\/wp-json\/wp\/v2\/media\/1065"}],"wp:attachment":[{"href":"https:\/\/casadelstrossos.com\/es\/wp-json\/wp\/v2\/media?parent=1860"}],"wp:term":[{"taxonomy":"product_brand","embeddable":true,"href":"https:\/\/casadelstrossos.com\/es\/wp-json\/wp\/v2\/product_brand?post=1860"},{"taxonomy":"product_cat","embeddable":true,"href":"https:\/\/casadelstrossos.com\/es\/wp-json\/wp\/v2\/product_cat?post=1860"},{"taxonomy":"product_tag","embeddable":true,"href":"https:\/\/casadelstrossos.com\/es\/wp-json\/wp\/v2\/product_tag?post=1860"}],"curies":[{"name":"wp","href":"https:\/\/api.w.org\/{rel}","templated":true}]}}