{"id":1779,"date":"2022-03-09T17:46:58","date_gmt":"2022-03-09T16:46:58","guid":{"rendered":"http:\/\/casadelstrossos.com\/?post_type=product&#038;p=1779"},"modified":"2022-03-09T17:47:33","modified_gmt":"2022-03-09T16:47:33","slug":"loneta-ratlles-verd-i-blau-0469","status":"publish","type":"product","link":"https:\/\/casadelstrossos.com\/es\/producte\/loneta-ratlles-verd-i-blau-0469\/","title":{"rendered":"Loneta rayas en verde y azul -069-"},"content":{"rendered":"<b>El precio indicado es por metro.<\/b><\/p>\n<ul>\n<li style=\"font-weight: 400;\" aria-level=\"1\"><span style=\"font-weight: 400;\">Composici\u00f3n: 60% Algod\u00f3n, <\/span><span style=\"font-weight: 400;\">40% poli\u00e9ster<\/span><\/li>\n<li style=\"font-weight: 400;\" aria-level=\"1\"><span style=\"font-weight: 400;\">Ancho: 2,80 m<\/span><\/li>\n<li style=\"font-weight: 400;\" aria-level=\"1\"><span style=\"font-weight: 400;\">Fondo: beige<\/span><\/li>\n<li style=\"font-weight: 400;\" aria-level=\"1\"><span style=\"font-weight: 400;\">Estampado: l\u00edneas, rayas desdibujadas \/ Color: verde y azul<\/span><\/li>\n<li style=\"font-weight: 400;\" aria-level=\"1\"><span style=\"font-weight: 400;\">Tama\u00f1o del estampado: aproximadamente 1 cm de grosor.\u00a0<\/span><\/li>\n<\/ul>","protected":false},"excerpt":{"rendered":"<p>El precio indicado es por metro. Composici\u00f3n: 60% Algod\u00f3n, 40% poli\u00e9ster Ancho: 2,80 m Fondo: beige Estampado: l\u00edneas, rayas desdibujadas \/ Color: verde y azul Tama\u00f1o del estampado: aproximadamente 1 cm de grosor.\u00a0<\/p>\n","protected":false},"featured_media":1778,"template":"","meta":{"_joinchat":[]},"product_brand":[],"product_cat":[18,17],"product_tag":[],"class_list":{"0":"post-1779","1":"product","2":"type-product","3":"status-publish","4":"has-post-thumbnail","6":"product_cat-loneta-coto-poliester","7":"product_cat-loneta-i-tapisseria","9":"first","10":"instock","11":"shipping-taxable","12":"purchasable","13":"product-type-simple"},"_links":{"self":[{"href":"https:\/\/casadelstrossos.com\/es\/wp-json\/wp\/v2\/product\/1779"}],"collection":[{"href":"https:\/\/casadelstrossos.com\/es\/wp-json\/wp\/v2\/product"}],"about":[{"href":"https:\/\/casadelstrossos.com\/es\/wp-json\/wp\/v2\/types\/product"}],"wp:featuredmedia":[{"embeddable":true,"href":"https:\/\/casadelstrossos.com\/es\/wp-json\/wp\/v2\/media\/1778"}],"wp:attachment":[{"href":"https:\/\/casadelstrossos.com\/es\/wp-json\/wp\/v2\/media?parent=1779"}],"wp:term":[{"taxonomy":"product_brand","embeddable":true,"href":"https:\/\/casadelstrossos.com\/es\/wp-json\/wp\/v2\/product_brand?post=1779"},{"taxonomy":"product_cat","embeddable":true,"href":"https:\/\/casadelstrossos.com\/es\/wp-json\/wp\/v2\/product_cat?post=1779"},{"taxonomy":"product_tag","embeddable":true,"href":"https:\/\/casadelstrossos.com\/es\/wp-json\/wp\/v2\/product_tag?post=1779"}],"curies":[{"name":"wp","href":"https:\/\/api.w.org\/{rel}","templated":true}]}}