{"id":1761,"date":"2022-02-25T19:44:14","date_gmt":"2022-02-25T18:44:14","guid":{"rendered":"http:\/\/casadelstrossos.com\/?post_type=product&#038;p=1761"},"modified":"2022-02-25T19:44:14","modified_gmt":"2022-02-25T18:44:14","slug":"popelin-peppa-pig-baking-time-0492","status":"publish","type":"product","link":"https:\/\/casadelstrossos.com\/es\/producte\/popelin-peppa-pig-baking-time-0492\/","title":{"rendered":"Popel\u00edn Peppa Pig Baking Time! -0492-"},"content":{"rendered":"<b>El precio indicado es por metro.<\/b><\/p>\n<ul>\n<li style=\"font-weight: 400;\" aria-level=\"1\"><span style=\"font-weight: 400;\">Composici\u00f3n: Algod\u00f3n 100%<\/span><\/li>\n<li style=\"font-weight: 400;\" aria-level=\"1\"><span style=\"font-weight: 400;\">Ancho: 1.5 m<\/span><\/li>\n<li style=\"font-weight: 400;\" aria-level=\"1\"><span style=\"font-weight: 400;\">Fondo: cuadr\u00edcula verde-amarilla.<\/span><\/li>\n<li style=\"font-weight: 400;\" aria-level=\"1\"><span style=\"font-weight: 400;\">Estampado: Peppa Pig, material de cocina, sart\u00e9n, olla, verduras, comida, delantal. \/ Color: rosa, naranja, verde, amarillo&#8230;<\/span><\/li>\n<li style=\"font-weight: 400;\" aria-level=\"1\"><span style=\"font-weight: 400;\">Tama\u00f1o del estampado: 4 cm.<\/span><\/li>\n<li style=\"font-weight: 400;\" aria-level=\"1\"><span style=\"font-weight: 400;\">Tejido plano tipo patchwork.<\/span><\/li>\n<\/ul>","protected":false},"excerpt":{"rendered":"<p>El precio indicado es por metro. Composici\u00f3n: Algod\u00f3n 100% Ancho: 1.5 m Fondo: cuadr\u00edcula verde-amarilla. Estampado: Peppa Pig, material de cocina, sart\u00e9n, olla, verduras, comida, delantal. \/ Color: rosa, naranja, verde, amarillo&#8230; Tama\u00f1o del estampado: 4 cm. Tejido plano tipo patchwork.<\/p>\n","protected":false},"featured_media":1762,"template":"","meta":{"_joinchat":[]},"product_brand":[],"product_cat":[170,19,61],"product_tag":[],"class_list":{"0":"post-1761","1":"product","2":"type-product","3":"status-publish","4":"has-post-thumbnail","6":"product_cat-cuina","7":"product_cat-popelin-coto-patchwork","8":"product_cat-tematic","10":"first","11":"instock","12":"shipping-taxable","13":"purchasable","14":"product-type-simple"},"_links":{"self":[{"href":"https:\/\/casadelstrossos.com\/es\/wp-json\/wp\/v2\/product\/1761"}],"collection":[{"href":"https:\/\/casadelstrossos.com\/es\/wp-json\/wp\/v2\/product"}],"about":[{"href":"https:\/\/casadelstrossos.com\/es\/wp-json\/wp\/v2\/types\/product"}],"wp:featuredmedia":[{"embeddable":true,"href":"https:\/\/casadelstrossos.com\/es\/wp-json\/wp\/v2\/media\/1762"}],"wp:attachment":[{"href":"https:\/\/casadelstrossos.com\/es\/wp-json\/wp\/v2\/media?parent=1761"}],"wp:term":[{"taxonomy":"product_brand","embeddable":true,"href":"https:\/\/casadelstrossos.com\/es\/wp-json\/wp\/v2\/product_brand?post=1761"},{"taxonomy":"product_cat","embeddable":true,"href":"https:\/\/casadelstrossos.com\/es\/wp-json\/wp\/v2\/product_cat?post=1761"},{"taxonomy":"product_tag","embeddable":true,"href":"https:\/\/casadelstrossos.com\/es\/wp-json\/wp\/v2\/product_tag?post=1761"}],"curies":[{"name":"wp","href":"https:\/\/api.w.org\/{rel}","templated":true}]}}