{"id":1698,"date":"2022-01-18T11:02:56","date_gmt":"2022-01-18T10:02:56","guid":{"rendered":"http:\/\/casadelstrossos.com\/?post_type=product&#038;p=1698"},"modified":"2024-02-08T19:31:40","modified_gmt":"2024-02-08T18:31:40","slug":"llencol-poliester-coto-marro-18","status":"publish","type":"product","link":"https:\/\/casadelstrossos.com\/es\/producte\/llencol-poliester-coto-marro-18\/","title":{"rendered":"S\u00e1bana poli\u00e9ster-algod\u00f3n marr\u00f3n -18-"},"content":{"rendered":"<b>El precio indicado es por metro.<\/b><\/p>\n<ul>\n<li style=\"font-weight: 400;\" aria-level=\"1\"><span style=\"font-weight: 400;\">Composici\u00f3n: Algod\u00f3n 50%, poli\u00e9ster 50%<\/span><\/li>\n<li style=\"font-weight: 400;\" aria-level=\"1\"><span style=\"font-weight: 400;\">Ancho: 2,80 m<\/span><\/li>\n<li style=\"font-weight: 400;\" aria-level=\"1\"><span style=\"font-weight: 400;\">Color: marr\u00f3n oscuro, chocolate<\/span><\/li>\n<\/ul>","protected":false},"excerpt":{"rendered":"<p>El precio indicado es por metro. Composici\u00f3n: Algod\u00f3n 50%, poli\u00e9ster 50% Ancho: 2,80 m Color: marr\u00f3n oscuro, chocolate<\/p>\n","protected":false},"featured_media":1699,"template":"","meta":{"_joinchat":[]},"product_brand":[],"product_cat":[20,227,21],"product_tag":[],"class_list":{"0":"post-1698","1":"product","2":"type-product","3":"status-publish","4":"has-post-thumbnail","6":"product_cat-llencol","7":"product_cat-llencol-50-coto-llis","8":"product_cat-llencol-poliester-coto","10":"first","11":"instock","12":"shipping-taxable","13":"purchasable","14":"product-type-simple"},"_links":{"self":[{"href":"https:\/\/casadelstrossos.com\/es\/wp-json\/wp\/v2\/product\/1698"}],"collection":[{"href":"https:\/\/casadelstrossos.com\/es\/wp-json\/wp\/v2\/product"}],"about":[{"href":"https:\/\/casadelstrossos.com\/es\/wp-json\/wp\/v2\/types\/product"}],"wp:featuredmedia":[{"embeddable":true,"href":"https:\/\/casadelstrossos.com\/es\/wp-json\/wp\/v2\/media\/1699"}],"wp:attachment":[{"href":"https:\/\/casadelstrossos.com\/es\/wp-json\/wp\/v2\/media?parent=1698"}],"wp:term":[{"taxonomy":"product_brand","embeddable":true,"href":"https:\/\/casadelstrossos.com\/es\/wp-json\/wp\/v2\/product_brand?post=1698"},{"taxonomy":"product_cat","embeddable":true,"href":"https:\/\/casadelstrossos.com\/es\/wp-json\/wp\/v2\/product_cat?post=1698"},{"taxonomy":"product_tag","embeddable":true,"href":"https:\/\/casadelstrossos.com\/es\/wp-json\/wp\/v2\/product_tag?post=1698"}],"curies":[{"name":"wp","href":"https:\/\/api.w.org\/{rel}","templated":true}]}}