{"id":1633,"date":"2021-12-03T19:27:05","date_gmt":"2021-12-03T18:27:05","guid":{"rendered":"http:\/\/casadelstrossos.com\/?post_type=product&#038;p=1633"},"modified":"2021-12-03T19:27:06","modified_gmt":"2021-12-03T18:27:06","slug":"resinada-vermella-estrelles-i-flocs-de-neu-036","status":"publish","type":"product","link":"https:\/\/casadelstrossos.com\/es\/producte\/resinada-vermella-estrelles-i-flocs-de-neu-036\/","title":{"rendered":"Resinada roja estrellas y copos de nieve  -036-"},"content":{"rendered":"<ul>\n<li style=\"font-weight: 400;\" aria-level=\"1\"><span style=\"font-weight: 400;\">Tejido base de loneta con acabado de silicona antimanchas. Apto para lavadora a 30\u00baC.<\/span><\/li>\n<li style=\"font-weight: 400;\" aria-level=\"1\"><span style=\"font-weight: 400;\">Composici\u00f3n: poli\u00e9ster-algod\u00f3n.<\/span><\/li>\n<li style=\"font-weight: 400;\" aria-level=\"1\"><span style=\"font-weight: 400;\">Ancho: 1.40 m<\/span><\/li>\n<li style=\"font-weight: 400;\" aria-level=\"1\"><span style=\"font-weight: 400;\">Fondo: rojo<\/span><\/li>\n<li style=\"font-weight: 400;\" aria-level=\"1\"><span style=\"font-weight: 400;\">Estampado: estrellas y copos de nieve \/ Color: blanco<\/span><\/li>\n<li style=\"font-weight: 400;\" aria-level=\"1\"><span style=\"font-weight: 400;\">Tama\u00f1o del estampado: estrella de 8 cm.<\/span><\/li>\n<\/ul>","protected":false},"excerpt":{"rendered":"<p>Tejido base de loneta con acabado de silicona antimanchas. Apto para lavadora a 30\u00baC. Composici\u00f3n: poli\u00e9ster-algod\u00f3n. Ancho: 1.40 m Fondo: rojo Estampado: estrellas y copos de nieve \/ Color: blanco Tama\u00f1o del estampado: estrella de 8 cm.<\/p>\n","protected":false},"featured_media":1634,"template":"","meta":{"_joinchat":[]},"product_brand":[],"product_cat":[214,17],"product_tag":[],"class_list":{"0":"post-1633","1":"product","2":"type-product","3":"status-publish","4":"has-post-thumbnail","6":"product_cat-antimanchas","7":"product_cat-loneta-i-tapisseria","9":"first","10":"instock","11":"shipping-taxable","12":"purchasable","13":"product-type-simple"},"_links":{"self":[{"href":"https:\/\/casadelstrossos.com\/es\/wp-json\/wp\/v2\/product\/1633"}],"collection":[{"href":"https:\/\/casadelstrossos.com\/es\/wp-json\/wp\/v2\/product"}],"about":[{"href":"https:\/\/casadelstrossos.com\/es\/wp-json\/wp\/v2\/types\/product"}],"wp:featuredmedia":[{"embeddable":true,"href":"https:\/\/casadelstrossos.com\/es\/wp-json\/wp\/v2\/media\/1634"}],"wp:attachment":[{"href":"https:\/\/casadelstrossos.com\/es\/wp-json\/wp\/v2\/media?parent=1633"}],"wp:term":[{"taxonomy":"product_brand","embeddable":true,"href":"https:\/\/casadelstrossos.com\/es\/wp-json\/wp\/v2\/product_brand?post=1633"},{"taxonomy":"product_cat","embeddable":true,"href":"https:\/\/casadelstrossos.com\/es\/wp-json\/wp\/v2\/product_cat?post=1633"},{"taxonomy":"product_tag","embeddable":true,"href":"https:\/\/casadelstrossos.com\/es\/wp-json\/wp\/v2\/product_tag?post=1633"}],"curies":[{"name":"wp","href":"https:\/\/api.w.org\/{rel}","templated":true}]}}