{"id":1602,"date":"2021-10-29T19:00:52","date_gmt":"2021-10-29T17:00:52","guid":{"rendered":"http:\/\/casadelstrossos.com\/?post_type=product&#038;p=1602"},"modified":"2023-01-12T09:48:38","modified_gmt":"2023-01-12T08:48:38","slug":"loneta-quadre-escoces-063","status":"publish","type":"product","link":"https:\/\/casadelstrossos.com\/es\/producte\/loneta-quadre-escoces-063\/","title":{"rendered":"Loneta cuadro escoc\u00e9s -063-"},"content":{"rendered":"<b>El precio indicado es por metro.<\/b><\/p>\n<ul>\n<li style=\"font-weight: 400;\" aria-level=\"1\"><span style=\"font-weight: 400;\">Composici\u00f3n: 60% Algod\u00f3n, <\/span><span style=\"font-weight: 400;\">40% poli\u00e8ster<\/span><\/li>\n<li style=\"font-weight: 400;\" aria-level=\"1\"><span style=\"font-weight: 400;\">Ancho: 3,20 m<\/span><\/li>\n<li style=\"font-weight: 400;\" aria-level=\"1\"><span style=\"font-weight: 400;\">Fondo: rojo<\/span><\/li>\n<li style=\"font-weight: 400;\" aria-level=\"1\"><span style=\"font-weight: 400;\">Estampado: cuadro escoc\u00e9s \/ Color: verde, negro, amarillo<\/span><\/li>\n<li style=\"font-weight: 400;\" aria-level=\"1\"><span style=\"font-weight: 400;\">Tama\u00f1o del estampado: 4 cm.<\/span><\/li>\n<\/ul>","protected":false},"excerpt":{"rendered":"<p>El precio indicado es por metro. Composici\u00f3n: 60% Algod\u00f3n, 40% poli\u00e8ster Ancho: 3,20 m Fondo: rojo Estampado: cuadro escoc\u00e9s \/ Color: verde, negro, amarillo Tama\u00f1o del estampado: 4 cm.<\/p>\n","protected":false},"featured_media":1598,"template":"","meta":{"_joinchat":[]},"product_brand":[],"product_cat":[18,17],"product_tag":[],"class_list":{"0":"post-1602","1":"product","2":"type-product","3":"status-publish","4":"has-post-thumbnail","6":"product_cat-loneta-coto-poliester","7":"product_cat-loneta-i-tapisseria","9":"first","10":"instock","11":"shipping-taxable","12":"purchasable","13":"product-type-simple"},"_links":{"self":[{"href":"https:\/\/casadelstrossos.com\/es\/wp-json\/wp\/v2\/product\/1602"}],"collection":[{"href":"https:\/\/casadelstrossos.com\/es\/wp-json\/wp\/v2\/product"}],"about":[{"href":"https:\/\/casadelstrossos.com\/es\/wp-json\/wp\/v2\/types\/product"}],"wp:featuredmedia":[{"embeddable":true,"href":"https:\/\/casadelstrossos.com\/es\/wp-json\/wp\/v2\/media\/1598"}],"wp:attachment":[{"href":"https:\/\/casadelstrossos.com\/es\/wp-json\/wp\/v2\/media?parent=1602"}],"wp:term":[{"taxonomy":"product_brand","embeddable":true,"href":"https:\/\/casadelstrossos.com\/es\/wp-json\/wp\/v2\/product_brand?post=1602"},{"taxonomy":"product_cat","embeddable":true,"href":"https:\/\/casadelstrossos.com\/es\/wp-json\/wp\/v2\/product_cat?post=1602"},{"taxonomy":"product_tag","embeddable":true,"href":"https:\/\/casadelstrossos.com\/es\/wp-json\/wp\/v2\/product_tag?post=1602"}],"curies":[{"name":"wp","href":"https:\/\/api.w.org\/{rel}","templated":true}]}}