{"id":1586,"date":"2021-10-22T19:39:07","date_gmt":"2021-10-22T17:39:07","guid":{"rendered":"http:\/\/casadelstrossos.com\/?post_type=product&#038;p=1586"},"modified":"2021-10-22T19:39:07","modified_gmt":"2021-10-22T17:39:07","slug":"popelin-blau-estris-cuina-0451","status":"publish","type":"product","link":"https:\/\/casadelstrossos.com\/es\/producte\/popelin-blau-estris-cuina-0451\/","title":{"rendered":"Popel\u00edn azul utensilios cocina -0451-"},"content":{"rendered":"<b>El precio indicado es por metro.<\/b><\/p>\n<ul>\n<li style=\"font-weight: 400;\" aria-level=\"1\"><span style=\"font-weight: 400;\">Composici\u00f3n: Algod\u00f3n 100% Org\u00e1nico. OekoTex<\/span><\/li>\n<li style=\"font-weight: 400;\" aria-level=\"1\"><span style=\"font-weight: 400;\">Ancho: 1.5 m<\/span><\/li>\n<li style=\"font-weight: 400;\" aria-level=\"1\"><span style=\"font-weight: 400;\">Fondo: azul tejano<\/span><\/li>\n<li style=\"font-weight: 400;\" aria-level=\"1\"><span style=\"font-weight: 400;\">Estampado: utensilios varios de cocina, tazas, sart\u00e9n, olla, colador&#8230; \/ Color: multicolor, rojo, amarillo, verde, salm\u00f3n, marr\u00f3n&#8230;.<\/span><\/li>\n<li style=\"font-weight: 400;\" aria-level=\"1\"><span style=\"font-weight: 400;\">Tama\u00f1o del estampado: 2-3 cm.<\/span><\/li>\n<li style=\"font-weight: 400;\" aria-level=\"1\"><span style=\"font-weight: 400;\">Tejido plano tipo patchwork.<\/span><\/li>\n<\/ul>","protected":false},"excerpt":{"rendered":"<p>El precio indicado es por metro. Composici\u00f3n: Algod\u00f3n 100% Org\u00e1nico. OekoTex Ancho: 1.5 m Fondo: azul tejano Estampado: utensilios varios de cocina, tazas, sart\u00e9n, olla, colador&#8230; \/ Color: multicolor, rojo, amarillo, verde, salm\u00f3n, marr\u00f3n&#8230;. Tama\u00f1o del estampado: 2-3 cm. Tejido plano tipo patchwork.<\/p>\n","protected":false},"featured_media":1587,"template":"","meta":{"_joinchat":[]},"product_brand":[],"product_cat":[170,19],"product_tag":[],"class_list":{"0":"post-1586","1":"product","2":"type-product","3":"status-publish","4":"has-post-thumbnail","6":"product_cat-cuina","7":"product_cat-popelin-coto-patchwork","9":"first","10":"instock","11":"shipping-taxable","12":"purchasable","13":"product-type-simple"},"_links":{"self":[{"href":"https:\/\/casadelstrossos.com\/es\/wp-json\/wp\/v2\/product\/1586"}],"collection":[{"href":"https:\/\/casadelstrossos.com\/es\/wp-json\/wp\/v2\/product"}],"about":[{"href":"https:\/\/casadelstrossos.com\/es\/wp-json\/wp\/v2\/types\/product"}],"wp:featuredmedia":[{"embeddable":true,"href":"https:\/\/casadelstrossos.com\/es\/wp-json\/wp\/v2\/media\/1587"}],"wp:attachment":[{"href":"https:\/\/casadelstrossos.com\/es\/wp-json\/wp\/v2\/media?parent=1586"}],"wp:term":[{"taxonomy":"product_brand","embeddable":true,"href":"https:\/\/casadelstrossos.com\/es\/wp-json\/wp\/v2\/product_brand?post=1586"},{"taxonomy":"product_cat","embeddable":true,"href":"https:\/\/casadelstrossos.com\/es\/wp-json\/wp\/v2\/product_cat?post=1586"},{"taxonomy":"product_tag","embeddable":true,"href":"https:\/\/casadelstrossos.com\/es\/wp-json\/wp\/v2\/product_tag?post=1586"}],"curies":[{"name":"wp","href":"https:\/\/api.w.org\/{rel}","templated":true}]}}