{"id":1458,"date":"2021-06-08T19:06:14","date_gmt":"2021-06-08T17:06:14","guid":{"rendered":"http:\/\/casadelstrossos.com\/?post_type=product&#038;p=1458"},"modified":"2024-05-17T18:13:40","modified_gmt":"2024-05-17T16:13:40","slug":"popelin-negre-estrelles-0303","status":"publish","type":"product","link":"https:\/\/casadelstrossos.com\/es\/producte\/popelin-negre-estrelles-0303\/","title":{"rendered":"Popel\u00edn negro estrellas -0303-"},"content":{"rendered":"<b>El precio indicado es por metro.<\/b><\/p>\n<ul>\n<li style=\"font-weight: 400;\" aria-level=\"1\"><span style=\"font-weight: 400;\">Composici\u00f3n: Algod\u00f3n 100%<\/span><\/li>\n<li style=\"font-weight: 400;\" aria-level=\"1\"><span style=\"font-weight: 400;\">Ancho: 1.55 m<\/span><\/li>\n<li style=\"font-weight: 400;\" aria-level=\"1\"><span style=\"font-weight: 400;\">Fondo: negro<\/span><\/li>\n<li style=\"font-weight: 400;\" aria-level=\"1\"><span style=\"font-weight: 400;\">Estampado: estrellas peque\u00f1as \/ Color: blanco\u00a0<\/span><\/li>\n<li style=\"font-weight: 400;\" aria-level=\"1\"><span style=\"font-weight: 400;\">Tama\u00f1o del estampado: 0,6 cm.<\/span><\/li>\n<li style=\"font-weight: 400;\" aria-level=\"1\"><span style=\"font-weight: 400;\">Tejido plano tipo patchwork.<\/span><\/li>\n<li aria-level=\"1\">Conjunto: <a href=\"http:\/\/casadelstrossos.com\/producte\/popelin-estrella-negra-0624\/\">fondo blanco con estrella negra 0624<\/a><\/li>\n<\/ul>","protected":false},"excerpt":{"rendered":"<p>El precio indicado es por metro. Composici\u00f3n: Algod\u00f3n 100% Ancho: 1.55 m Fondo: negro Estampado: estrellas peque\u00f1as \/ Color: blanco\u00a0 Tama\u00f1o del estampado: 0,6 cm. Tejido plano tipo patchwork. Conjunto: fondo blanco con estrella negra 0624<\/p>\n","protected":false},"featured_media":1459,"template":"","meta":{"_joinchat":[]},"product_brand":[],"product_cat":[19,83],"product_tag":[],"class_list":{"0":"post-1458","1":"product","2":"type-product","3":"status-publish","4":"has-post-thumbnail","6":"product_cat-popelin-coto-patchwork","7":"product_cat-topets-o-cors-o-estrelles","9":"first","10":"instock","11":"shipping-taxable","12":"purchasable","13":"product-type-simple"},"_links":{"self":[{"href":"https:\/\/casadelstrossos.com\/es\/wp-json\/wp\/v2\/product\/1458"}],"collection":[{"href":"https:\/\/casadelstrossos.com\/es\/wp-json\/wp\/v2\/product"}],"about":[{"href":"https:\/\/casadelstrossos.com\/es\/wp-json\/wp\/v2\/types\/product"}],"wp:featuredmedia":[{"embeddable":true,"href":"https:\/\/casadelstrossos.com\/es\/wp-json\/wp\/v2\/media\/1459"}],"wp:attachment":[{"href":"https:\/\/casadelstrossos.com\/es\/wp-json\/wp\/v2\/media?parent=1458"}],"wp:term":[{"taxonomy":"product_brand","embeddable":true,"href":"https:\/\/casadelstrossos.com\/es\/wp-json\/wp\/v2\/product_brand?post=1458"},{"taxonomy":"product_cat","embeddable":true,"href":"https:\/\/casadelstrossos.com\/es\/wp-json\/wp\/v2\/product_cat?post=1458"},{"taxonomy":"product_tag","embeddable":true,"href":"https:\/\/casadelstrossos.com\/es\/wp-json\/wp\/v2\/product_tag?post=1458"}],"curies":[{"name":"wp","href":"https:\/\/api.w.org\/{rel}","templated":true}]}}