{"id":1424,"date":"2021-05-17T19:22:38","date_gmt":"2021-05-17T17:22:38","guid":{"rendered":"http:\/\/casadelstrossos.com\/?post_type=product&#038;p=1424"},"modified":"2021-05-17T19:22:38","modified_gmt":"2021-05-17T17:22:38","slug":"popelin-blau-mari-cercles-0425","status":"publish","type":"product","link":"https:\/\/casadelstrossos.com\/es\/producte\/popelin-blau-mari-cercles-0425\/","title":{"rendered":"Popel\u00edn azul marino c\u00edrculos -0425-"},"content":{"rendered":"<b>El precio indicado es por metro.<\/b><\/p>\n<ul>\n<li style=\"font-weight: 400;\" aria-level=\"1\"><span style=\"font-weight: 400;\">Composici\u00f3n: Algod\u00f3n 100%<\/span><\/li>\n<li style=\"font-weight: 400;\" aria-level=\"1\"><span style=\"font-weight: 400;\">Ancho: 1.5 m<\/span><\/li>\n<li style=\"font-weight: 400;\" aria-level=\"1\"><span style=\"font-weight: 400;\">Fondo: azul marino<\/span><\/li>\n<li style=\"font-weight: 400;\" aria-level=\"1\"><span style=\"font-weight: 400;\">Estampado: c\u00edrculos conc\u00e9ntricos peque\u00f1os \/ Color: azul<\/span><\/li>\n<li style=\"font-weight: 400;\" aria-level=\"1\"><span style=\"font-weight: 400;\">Tama\u00f1o del estampado: 0,5 cm.<\/span><\/li>\n<li style=\"font-weight: 400;\" aria-level=\"1\"><span style=\"font-weight: 400;\">Tejido plano tipo patchwork.<\/span><\/li>\n<\/ul>","protected":false},"excerpt":{"rendered":"<p>El precio indicado es por metro. Composici\u00f3n: Algod\u00f3n 100% Ancho: 1.5 m Fondo: azul marino Estampado: c\u00edrculos conc\u00e9ntricos peque\u00f1os \/ Color: azul Tama\u00f1o del estampado: 0,5 cm. Tejido plano tipo patchwork.<\/p>\n","protected":false},"featured_media":1425,"template":"","meta":{"_joinchat":[]},"product_brand":[],"product_cat":[69,19],"product_tag":[],"class_list":{"0":"post-1424","1":"product","2":"type-product","3":"status-publish","4":"has-post-thumbnail","6":"product_cat-geometric","7":"product_cat-popelin-coto-patchwork","9":"first","10":"instock","11":"shipping-taxable","12":"purchasable","13":"product-type-simple"},"_links":{"self":[{"href":"https:\/\/casadelstrossos.com\/es\/wp-json\/wp\/v2\/product\/1424"}],"collection":[{"href":"https:\/\/casadelstrossos.com\/es\/wp-json\/wp\/v2\/product"}],"about":[{"href":"https:\/\/casadelstrossos.com\/es\/wp-json\/wp\/v2\/types\/product"}],"wp:featuredmedia":[{"embeddable":true,"href":"https:\/\/casadelstrossos.com\/es\/wp-json\/wp\/v2\/media\/1425"}],"wp:attachment":[{"href":"https:\/\/casadelstrossos.com\/es\/wp-json\/wp\/v2\/media?parent=1424"}],"wp:term":[{"taxonomy":"product_brand","embeddable":true,"href":"https:\/\/casadelstrossos.com\/es\/wp-json\/wp\/v2\/product_brand?post=1424"},{"taxonomy":"product_cat","embeddable":true,"href":"https:\/\/casadelstrossos.com\/es\/wp-json\/wp\/v2\/product_cat?post=1424"},{"taxonomy":"product_tag","embeddable":true,"href":"https:\/\/casadelstrossos.com\/es\/wp-json\/wp\/v2\/product_tag?post=1424"}],"curies":[{"name":"wp","href":"https:\/\/api.w.org\/{rel}","templated":true}]}}