{"id":1380,"date":"2021-03-23T20:16:30","date_gmt":"2021-03-23T19:16:30","guid":{"rendered":"http:\/\/casadelstrossos.com\/?post_type=product&#038;p=1380"},"modified":"2023-06-29T18:16:21","modified_gmt":"2023-06-29T16:16:21","slug":"texsilk-negre-20","status":"publish","type":"product","link":"https:\/\/casadelstrossos.com\/es\/producte\/texsilk-negre-20\/","title":{"rendered":"Texsilk negro -08-"},"content":{"rendered":"<b>El precio indicado es por metro.<\/b><\/p>\n<ul>\n<li style=\"font-weight: 400;\" aria-level=\"1\"><span style=\"font-weight: 400;\">Texsilk. Certificado Oeko-tex.<\/span><\/li>\n<li style=\"font-weight: 400;\" aria-level=\"1\"><span style=\"font-weight: 400;\">Composici\u00f3n: <\/span><span style=\"font-weight: 400;\">Solution Dyed Olefin. Acabado de Teflon.<\/span><\/li>\n<li style=\"font-weight: 400;\" aria-level=\"1\"><span style=\"font-weight: 400;\">Ancho: 1.65 m<\/span><\/li>\n<li style=\"font-weight: 400;\" aria-level=\"1\"><span style=\"font-weight: 400;\">Color: negro<\/span><\/li>\n<li style=\"font-weight: 400;\" aria-level=\"1\"><span style=\"font-weight: 400;\">Filtraci\u00f3n de part\u00edculas: 96%<\/span><\/li>\n<li style=\"font-weight: 400;\" aria-level=\"1\"><span style=\"font-weight: 400;\">Si necesit\u00e1is el certificado ITEL, entra en el formulario de contacto o escribe un email a: casadelstrossos@gmail.com<\/span><\/li>\n<\/ul>","protected":false},"excerpt":{"rendered":"<p>El precio indicado es por metro. Texsilk. Certificado Oeko-tex. Composici\u00f3n: Solution Dyed Olefin. Acabado de Teflon. Ancho: 1.65 m Color: negro Filtraci\u00f3n de part\u00edculas: 96% Si necesit\u00e1is el certificado ITEL, entra en el formulario de contacto o escribe un email a: casadelstrossos@gmail.com<\/p>\n","protected":false},"featured_media":1381,"template":"","meta":{"_joinchat":[]},"product_brand":[],"product_cat":[215,17],"product_tag":[],"class_list":{"0":"post-1380","1":"product","2":"type-product","3":"status-publish","4":"has-post-thumbnail","6":"product_cat-exterior","7":"product_cat-loneta-i-tapisseria","9":"first","10":"instock","11":"shipping-taxable","12":"purchasable","13":"product-type-simple"},"_links":{"self":[{"href":"https:\/\/casadelstrossos.com\/es\/wp-json\/wp\/v2\/product\/1380"}],"collection":[{"href":"https:\/\/casadelstrossos.com\/es\/wp-json\/wp\/v2\/product"}],"about":[{"href":"https:\/\/casadelstrossos.com\/es\/wp-json\/wp\/v2\/types\/product"}],"wp:featuredmedia":[{"embeddable":true,"href":"https:\/\/casadelstrossos.com\/es\/wp-json\/wp\/v2\/media\/1381"}],"wp:attachment":[{"href":"https:\/\/casadelstrossos.com\/es\/wp-json\/wp\/v2\/media?parent=1380"}],"wp:term":[{"taxonomy":"product_brand","embeddable":true,"href":"https:\/\/casadelstrossos.com\/es\/wp-json\/wp\/v2\/product_brand?post=1380"},{"taxonomy":"product_cat","embeddable":true,"href":"https:\/\/casadelstrossos.com\/es\/wp-json\/wp\/v2\/product_cat?post=1380"},{"taxonomy":"product_tag","embeddable":true,"href":"https:\/\/casadelstrossos.com\/es\/wp-json\/wp\/v2\/product_tag?post=1380"}],"curies":[{"name":"wp","href":"https:\/\/api.w.org\/{rel}","templated":true}]}}