{"id":1348,"date":"2021-03-19T19:19:29","date_gmt":"2021-03-19T18:19:29","guid":{"rendered":"http:\/\/casadelstrossos.com\/?post_type=product&#038;p=1348"},"modified":"2021-03-19T19:19:29","modified_gmt":"2021-03-19T18:19:29","slug":"loneta-instruments-musicals-056","status":"publish","type":"product","link":"https:\/\/casadelstrossos.com\/es\/producte\/loneta-instruments-musicals-056\/","title":{"rendered":"Loneta instrumentos musicales -056-"},"content":{"rendered":"<b>El precio indicado es por metro.<\/b><\/p>\n<ul>\n<li style=\"font-weight: 400;\" aria-level=\"1\"><span style=\"font-weight: 400;\">Composici\u00f3n: 60% Algod\u00f3n, <\/span><span style=\"font-weight: 400;\">40% poli\u00e8ster<\/span><\/li>\n<li style=\"font-weight: 400;\" aria-level=\"1\"><span style=\"font-weight: 400;\">Ancho: 1,40 m<\/span><\/li>\n<li style=\"font-weight: 400;\" aria-level=\"1\"><span style=\"font-weight: 400;\">Fondo: beige, culla.<\/span><\/li>\n<li style=\"font-weight: 400;\" aria-level=\"1\"><span style=\"font-weight: 400;\">Estampado: instrumentos musicales: viol\u00edn, maracas, arpa, saxo, guitarra, bateria, trompeta \/ Color: marr\u00f3n, amarillo, negro, blanco.<\/span><\/li>\n<li style=\"font-weight: 400;\" aria-level=\"1\"><span style=\"font-weight: 400;\">Tama\u00f1o del estampado: 10 cm.<\/span><\/li>\n<\/ul>","protected":false},"excerpt":{"rendered":"<p>El precio indicado es por metro. Composici\u00f3n: 60% Algod\u00f3n, 40% poli\u00e8ster Ancho: 1,40 m Fondo: beige, culla. Estampado: instrumentos musicales: viol\u00edn, maracas, arpa, saxo, guitarra, bateria, trompeta \/ Color: marr\u00f3n, amarillo, negro, blanco. Tama\u00f1o del estampado: 10 cm.<\/p>\n","protected":false},"featured_media":1349,"template":"","meta":{"_joinchat":[]},"product_brand":[],"product_cat":[18,17],"product_tag":[],"class_list":{"0":"post-1348","1":"product","2":"type-product","3":"status-publish","4":"has-post-thumbnail","6":"product_cat-loneta-coto-poliester","7":"product_cat-loneta-i-tapisseria","9":"first","10":"instock","11":"shipping-taxable","12":"purchasable","13":"product-type-simple"},"_links":{"self":[{"href":"https:\/\/casadelstrossos.com\/es\/wp-json\/wp\/v2\/product\/1348"}],"collection":[{"href":"https:\/\/casadelstrossos.com\/es\/wp-json\/wp\/v2\/product"}],"about":[{"href":"https:\/\/casadelstrossos.com\/es\/wp-json\/wp\/v2\/types\/product"}],"wp:featuredmedia":[{"embeddable":true,"href":"https:\/\/casadelstrossos.com\/es\/wp-json\/wp\/v2\/media\/1349"}],"wp:attachment":[{"href":"https:\/\/casadelstrossos.com\/es\/wp-json\/wp\/v2\/media?parent=1348"}],"wp:term":[{"taxonomy":"product_brand","embeddable":true,"href":"https:\/\/casadelstrossos.com\/es\/wp-json\/wp\/v2\/product_brand?post=1348"},{"taxonomy":"product_cat","embeddable":true,"href":"https:\/\/casadelstrossos.com\/es\/wp-json\/wp\/v2\/product_cat?post=1348"},{"taxonomy":"product_tag","embeddable":true,"href":"https:\/\/casadelstrossos.com\/es\/wp-json\/wp\/v2\/product_tag?post=1348"}],"curies":[{"name":"wp","href":"https:\/\/api.w.org\/{rel}","templated":true}]}}