{"id":1231,"date":"2021-02-25T20:31:21","date_gmt":"2021-02-25T19:31:21","guid":{"rendered":"http:\/\/casadelstrossos.com\/?post_type=product&#038;p=1231"},"modified":"2023-05-25T11:29:34","modified_gmt":"2023-05-25T09:29:34","slug":"resinada-pasta-italiana-021","status":"publish","type":"product","link":"https:\/\/casadelstrossos.com\/es\/producte\/resinada-pasta-italiana-021\/","title":{"rendered":"Resinada pasta italiana -021-"},"content":{"rendered":"<b>El precio indicado es por metro.<\/b><\/p>\n<ul>\n<li style=\"font-weight: 400;\" aria-level=\"1\"><span style=\"font-weight: 400;\">Tejido base de loneta con acabado de silicona antimanchas. Apto para lavadora a 30\u00baC.<\/span><\/li>\n<li style=\"font-weight: 400;\" aria-level=\"1\"><span style=\"font-weight: 400;\">Composici\u00f3n: poli\u00e9ster-algod\u00f3n.<\/span><\/li>\n<li style=\"font-weight: 400;\" aria-level=\"1\"><span style=\"font-weight: 400;\">Ancho: 1.50 m<\/span><\/li>\n<li style=\"font-weight: 400;\" aria-level=\"1\"><span style=\"font-weight: 400;\">Fondo: azul<\/span><\/li>\n<li style=\"font-weight: 400;\" aria-level=\"1\"><span style=\"font-weight: 400;\">Estampado: carteles con pasta y otros ingredientes \/ Color: amarillo, verde, rojo..<\/span><\/li>\n<li style=\"font-weight: 400;\" aria-level=\"1\"><span style=\"font-weight: 400;\">Tama\u00f1o del estampado: carteles de 15 cm.<\/span><\/li>\n<\/ul>","protected":false},"excerpt":{"rendered":"<p>El precio indicado es por metro. Tejido base de loneta con acabado de silicona antimanchas. Apto para lavadora a 30\u00baC. Composici\u00f3n: poli\u00e9ster-algod\u00f3n. Ancho: 1.50 m Fondo: azul Estampado: carteles con pasta y otros ingredientes \/ Color: amarillo, verde, rojo.. Tama\u00f1o del estampado: carteles de 15 cm.<\/p>\n","protected":false},"featured_media":1232,"template":"","meta":{"_joinchat":[]},"product_brand":[],"product_cat":[214,17],"product_tag":[],"class_list":{"0":"post-1231","1":"product","2":"type-product","3":"status-publish","4":"has-post-thumbnail","6":"product_cat-antimanchas","7":"product_cat-loneta-i-tapisseria","9":"first","10":"instock","11":"sale","12":"shipping-taxable","13":"purchasable","14":"product-type-simple"},"_links":{"self":[{"href":"https:\/\/casadelstrossos.com\/es\/wp-json\/wp\/v2\/product\/1231"}],"collection":[{"href":"https:\/\/casadelstrossos.com\/es\/wp-json\/wp\/v2\/product"}],"about":[{"href":"https:\/\/casadelstrossos.com\/es\/wp-json\/wp\/v2\/types\/product"}],"wp:featuredmedia":[{"embeddable":true,"href":"https:\/\/casadelstrossos.com\/es\/wp-json\/wp\/v2\/media\/1232"}],"wp:attachment":[{"href":"https:\/\/casadelstrossos.com\/es\/wp-json\/wp\/v2\/media?parent=1231"}],"wp:term":[{"taxonomy":"product_brand","embeddable":true,"href":"https:\/\/casadelstrossos.com\/es\/wp-json\/wp\/v2\/product_brand?post=1231"},{"taxonomy":"product_cat","embeddable":true,"href":"https:\/\/casadelstrossos.com\/es\/wp-json\/wp\/v2\/product_cat?post=1231"},{"taxonomy":"product_tag","embeddable":true,"href":"https:\/\/casadelstrossos.com\/es\/wp-json\/wp\/v2\/product_tag?post=1231"}],"curies":[{"name":"wp","href":"https:\/\/api.w.org\/{rel}","templated":true}]}}