{"id":1077,"date":"2021-01-20T19:47:07","date_gmt":"2021-01-20T18:47:07","guid":{"rendered":"http:\/\/casadelstrossos.com\/?post_type=product&#038;p=1077"},"modified":"2021-01-20T19:47:08","modified_gmt":"2021-01-20T18:47:08","slug":"loneta-coto-etnica-007","status":"publish","type":"product","link":"https:\/\/casadelstrossos.com\/es\/producte\/loneta-coto-etnica-007\/","title":{"rendered":"Loneta algod\u00f3n \u00e9tnica -007-"},"content":{"rendered":"<b>El precio indicado es por metro.<\/b><\/p>\n<ul>\n<li style=\"font-weight: 400;\" aria-level=\"1\"><span style=\"font-weight: 400;\">Composici\u00f3n: 100% Algod\u00f3n<\/span><\/li>\n<li style=\"font-weight: 400;\" aria-level=\"1\"><span style=\"font-weight: 400;\">Ancho: 2,80 m<\/span><\/li>\n<li style=\"font-weight: 400;\" aria-level=\"1\"><span style=\"font-weight: 400;\">Fondo: amarillo<\/span><\/li>\n<li style=\"font-weight: 400;\" aria-level=\"1\"><span style=\"font-weight: 400;\">Estampado: dibujo geom\u00e9trico \/ Color: rosa, naranja, verde, azul, blanco.<\/span><\/li>\n<li style=\"font-weight: 400;\" aria-level=\"1\"><span style=\"font-weight: 400;\">Tama\u00f1o del estampado: rombo largo de 23cm. rombo grande llargo de 30 cm..<\/span><\/li>\n<\/ul>","protected":false},"excerpt":{"rendered":"<p>El precio indicado es por metro. Composici\u00f3n: 100% Algod\u00f3n Ancho: 2,80 m Fondo: amarillo Estampado: dibujo geom\u00e9trico \/ Color: rosa, naranja, verde, azul, blanco. Tama\u00f1o del estampado: rombo largo de 23cm. rombo grande llargo de 30 cm..<\/p>\n","protected":false},"featured_media":1078,"template":"","meta":{"_joinchat":[]},"product_brand":[],"product_cat":[33,17],"product_tag":[],"class_list":{"0":"post-1077","1":"product","2":"type-product","3":"status-publish","4":"has-post-thumbnail","6":"product_cat-loneta-100-coto","7":"product_cat-loneta-i-tapisseria","9":"first","10":"instock","11":"shipping-taxable","12":"purchasable","13":"product-type-simple"},"_links":{"self":[{"href":"https:\/\/casadelstrossos.com\/es\/wp-json\/wp\/v2\/product\/1077"}],"collection":[{"href":"https:\/\/casadelstrossos.com\/es\/wp-json\/wp\/v2\/product"}],"about":[{"href":"https:\/\/casadelstrossos.com\/es\/wp-json\/wp\/v2\/types\/product"}],"wp:featuredmedia":[{"embeddable":true,"href":"https:\/\/casadelstrossos.com\/es\/wp-json\/wp\/v2\/media\/1078"}],"wp:attachment":[{"href":"https:\/\/casadelstrossos.com\/es\/wp-json\/wp\/v2\/media?parent=1077"}],"wp:term":[{"taxonomy":"product_brand","embeddable":true,"href":"https:\/\/casadelstrossos.com\/es\/wp-json\/wp\/v2\/product_brand?post=1077"},{"taxonomy":"product_cat","embeddable":true,"href":"https:\/\/casadelstrossos.com\/es\/wp-json\/wp\/v2\/product_cat?post=1077"},{"taxonomy":"product_tag","embeddable":true,"href":"https:\/\/casadelstrossos.com\/es\/wp-json\/wp\/v2\/product_tag?post=1077"}],"curies":[{"name":"wp","href":"https:\/\/api.w.org\/{rel}","templated":true}]}}