{"id":71,"date":"2020-09-04T15:13:02","date_gmt":"2020-09-04T15:13:02","guid":{"rendered":"http:\/\/casadelstrossos.com\/?page_id=71"},"modified":"2020-11-20T16:36:35","modified_gmt":"2020-11-20T15:36:35","slug":"qui-som","status":"publish","type":"page","link":"https:\/\/casadelstrossos.com\/es\/qui-som\/","title":{"rendered":"Quienes somos"},"content":{"rendered":"<section class=\"l-section wpb_row height_small color_alternate\"><div class=\"l-section-h i-cf\"><div class=\"g-cols vc_row via_flex valign_top type_default stacking_default\"><div class=\"vc_col-sm-12 wpb_column vc_column_container\"><div class=\"vc_column-inner\"><div class=\"wpb_wrapper\"><h2 class=\"w-post-elm post_title entry-title color_link_inherit\">Quienes somos<\/h2><\/div><\/div><\/div><\/div><\/div><\/section><section class=\"l-section wpb_row height_medium\"><div class=\"l-section-h i-cf\"><div class=\"g-cols vc_row via_flex valign_top type_default stacking_default\"><div class=\"vc_col-sm-6 wpb_column vc_column_container\"><div class=\"vc_column-inner\"><div class=\"wpb_wrapper\"><div class=\"w-image align_none us_animate_fade\" style=\"animation-delay:0.5s\"><div class=\"w-image-h\"><img decoding=\"async\" width=\"1000\" height=\"563\" src=\"https:\/\/casadelstrossos.com\/wp-content\/uploads\/2020\/10\/botiga.jpg\" class=\"attachment-full size-full\" alt=\"\" loading=\"lazy\" srcset=\"https:\/\/casadelstrossos.com\/wp-content\/uploads\/2020\/10\/botiga.jpg 1000w, https:\/\/casadelstrossos.com\/wp-content\/uploads\/2020\/10\/botiga-300x169.jpg 300w, https:\/\/casadelstrossos.com\/wp-content\/uploads\/2020\/10\/botiga-600x338.jpg 600w\" sizes=\"(max-width: 1000px) 100vw, 1000px\" \/><\/div><\/div><\/div><\/div><\/div><div class=\"vc_col-sm-6 wpb_column vc_column_container\"><div class=\"vc_column-inner\"><div class=\"wpb_wrapper\"><div class=\"wpb_text_column\"><div class=\"wpb_wrapper\"><p><strong>Casa dels Trossos<\/strong> es una tienda del barrio de Valldaura de Manresa (Barcelona). Desde 1980 somos un peque\u00f1o negocio familiar de <strong>venta de tejidos de todo tipo<\/strong>, desde <strong>ropa de decoraci\u00f3n del hogar<\/strong> hasta <strong>ropa para confeccionar prendas de vestir,<\/strong> <strong>patchwork<\/strong>, <strong>manualidades<\/strong> y un largo etc\u00e9tera.<\/p>\n<p>En la tienda encontrar\u00e1s a la Carme, la Nuri y la Cris, con a\u00f1os de experiencia en el <strong>sector textil<\/strong>, <strong>patronaje<\/strong> y <strong>costura<\/strong>, <strong>dise\u00f1o<\/strong> y <strong>confecci\u00f3n<\/strong>. Intentamos siempre asesorarle de la mejor manera que sabemos!<\/p>\n<\/div><\/div><\/div><\/div><\/div><\/div><\/div><\/section>","protected":false},"excerpt":{"rendered":"Quienes somosCasa dels Trossos es una tienda del barrio de Valldaura de Manresa (Barcelona). Desde 1980 somos un peque\u00f1o negocio familiar de venta de tejidos de todo tipo, desde ropa de decoraci\u00f3n del hogar hasta ropa para confeccionar prendas de vestir, patchwork, manualidades y un largo etc\u00e9tera. En la tienda encontrar\u00e1s a la Carme, la...","protected":false},"author":3,"featured_media":0,"parent":0,"menu_order":3,"comment_status":"closed","ping_status":"closed","template":"","meta":{"_joinchat":[],"footnotes":""},"class_list":["post-71","page","type-page","status-publish","hentry"],"_links":{"self":[{"href":"https:\/\/casadelstrossos.com\/es\/wp-json\/wp\/v2\/pages\/71"}],"collection":[{"href":"https:\/\/casadelstrossos.com\/es\/wp-json\/wp\/v2\/pages"}],"about":[{"href":"https:\/\/casadelstrossos.com\/es\/wp-json\/wp\/v2\/types\/page"}],"author":[{"embeddable":true,"href":"https:\/\/casadelstrossos.com\/es\/wp-json\/wp\/v2\/users\/3"}],"replies":[{"embeddable":true,"href":"https:\/\/casadelstrossos.com\/es\/wp-json\/wp\/v2\/comments?post=71"}],"version-history":[{"count":11,"href":"https:\/\/casadelstrossos.com\/es\/wp-json\/wp\/v2\/pages\/71\/revisions"}],"predecessor-version":[{"id":458,"href":"https:\/\/casadelstrossos.com\/es\/wp-json\/wp\/v2\/pages\/71\/revisions\/458"}],"wp:attachment":[{"href":"https:\/\/casadelstrossos.com\/es\/wp-json\/wp\/v2\/media?parent=71"}],"curies":[{"name":"wp","href":"https:\/\/api.w.org\/{rel}","templated":true}]}}